{"id":1796,"date":"2021-03-22T22:23:33","date_gmt":"2021-03-22T22:23:33","guid":{"rendered":"https:\/\/vegacomputer.com\/?page_id=1796"},"modified":"2021-04-12T13:04:40","modified_gmt":"2021-04-12T13:04:40","slug":"start3","status":"publish","type":"page","link":"https:\/\/vegacomputer.com\/index.php\/start3\/","title":{"rendered":"START 3"},"content":{"rendered":"\t\t<div data-elementor-type=\"wp-page\" data-elementor-id=\"1796\" class=\"elementor elementor-1796\" data-elementor-settings=\"[]\">\n\t\t\t\t\t\t\t<div class=\"elementor-section-wrap\">\n\t\t\t\t\t\t\t<section class=\"elementor-section elementor-top-section elementor-element elementor-element-3811f063 elementor-reverse-tablet elementor-reverse-mobile elementor-section-boxed elementor-section-height-default elementor-section-height-default\" data-id=\"3811f063\" data-element_type=\"section\">\n\t\t\t\t\t\t<div class=\"elementor-container elementor-column-gap-no\">\n\t\t\t\t\t<div class=\"elementor-column elementor-col-100 elementor-top-column elementor-element elementor-element-668fb0ac\" data-id=\"668fb0ac\" data-element_type=\"column\">\n\t\t\t<div class=\"elementor-widget-wrap elementor-element-populated\">\n\t\t\t\t\t\t\t\t<div class=\"elementor-element elementor-element-74d98ca1 elementor-widget elementor-widget-heading\" data-id=\"74d98ca1\" data-element_type=\"widget\" data-widget_type=\"heading.default\">\n\t\t\t\t<div class=\"elementor-widget-container\">\n\t\t\t<h2 class=\"elementor-heading-title elementor-size-default\">LOGO START 3<\/h2>\t\t<\/div>\n\t\t\t\t<\/div>\n\t\t\t\t<div class=\"elementor-element elementor-element-2885fbf8 elementor-widget-divider--view-line elementor-widget elementor-widget-divider\" data-id=\"2885fbf8\" data-element_type=\"widget\" data-widget_type=\"divider.default\">\n\t\t\t\t<div class=\"elementor-widget-container\">\n\t\t\t\t\t<div class=\"elementor-divider\">\n\t\t\t<span class=\"elementor-divider-separator\">\n\t\t\t\t\t\t<\/span>\n\t\t<\/div>\n\t\t\t\t<\/div>\n\t\t\t\t<\/div>\n\t\t\t\t<div class=\"elementor-element elementor-element-70f182da elementor-widget elementor-widget-text-editor\" data-id=\"70f182da\" data-element_type=\"widget\" data-widget_type=\"text-editor.default\">\n\t\t\t\t<div class=\"elementor-widget-container\">\n\t\t\t\t\t<div class=\"elementor-text-editor elementor-clearfix\"><h3 class=\"sec-cap\"><span style=\"font-size: 24px; word-spacing: normal;\">Stok Takibinden Sat\u0131\u015fa, \u00d6demeden Tahsilata Kadar T\u00fcm \u0130\u015fleriniz Kontrol Alt\u0131nda<\/span><\/h3><p><span style=\"word-spacing: normal;\">\u00d6l\u00e7e\u011fi ne olursa olsun, t\u00fcm i\u015fletmelerin hedefi ayn\u0131: K\u00e2r edebilmek. Bunun i\u00e7in de stok giri\u015f-\u00e7\u0131k\u0131\u015flar\u0131,<\/span><\/p><div class=\"formatted-text pr-short\"><p>sat\u0131\u015f, \u00f6deme ve tahsilatlar\u0131n detayl\u0131 takibi, faturala\u015fma gibi s\u00fcre\u00e7lerin kontrol edilebilmesi, k\u0131sacas\u0131 sat\u0131\u015flar<br \/>ile maliyetler aras\u0131ndaki dengenin etkili bir \u015fekilde izlenebilmesi gerekiyor. Mikro i\u015fletmelerin ihtiya\u00e7lar\u0131<br \/>ve beklentilerine g\u00f6re \u00f6zel olarak geli\u015ftirilen Logo Start 3 stok, maliyet, kasa, fatura, sipari\u015f, banka ve<br \/>m\u00fc\u015fteri bilgilerinin tek noktadan y\u00f6netimini sa\u011flayarak i\u015f y\u00fck\u00fcn\u00fc hafifletiyor ve k\u00e2rl\u0131l\u0131\u011f\u0131 art\u0131r\u0131yor.<\/p><h3>Mikro \u0130\u015fletmelerin \u00c7ok-Y\u00f6nl\u00fc Yard\u0131mc\u0131s\u0131<\/h3><p>Mikro \u00f6l\u00e7ekli bir i\u015fletmeyseniz, k\u0131s\u0131tl\u0131 insan kayna\u011f\u0131yla i\u015finizi s\u00fcrd\u00fcrmeye \u00e7al\u0131\u015f\u0131yorsunuz demektir. Bu s\u00fcre\u00e7te<br \/>muhasebe hizmetini d\u0131\u015far\u0131dan al\u0131yor ama verilerinizin tutarl\u0131l\u0131\u011f\u0131n\u0131 ve g\u00fcncelli\u011fini kontrol etmekte zorlan\u0131yorsan\u0131z<br \/>Logo Start 3 tam size g\u00f6re!<br \/>Tek yapman\u0131z gereken Logo Start 3 almak i\u00e7in ba\u015fvurmak. H\u0131zl\u0131ca yap\u0131lan kurulumun ard\u0131ndan, k\u0131sa bir e\u011fitimden<br \/>sonra art\u0131k siz de bir Logo Start 3 kullan\u0131c\u0131s\u0131s\u0131n\u0131z!<\/p><\/div><\/div>\n\t\t\t\t<\/div>\n\t\t\t\t<\/div>\n\t\t\t\t<div class=\"elementor-element elementor-element-4ba55d9 elementor-view-stacked elementor-shape-square elementor-position-left elementor-vertical-align-top elementor-widget elementor-widget-icon-box\" data-id=\"4ba55d9\" data-element_type=\"widget\" data-widget_type=\"icon-box.default\">\n\t\t\t\t<div class=\"elementor-widget-container\">\n\t\t\t\t\t<div class=\"elementor-icon-box-wrapper\">\n\t\t\t\t\t\t<div class=\"elementor-icon-box-icon\">\n\t\t\t\t<span class=\"elementor-icon elementor-animation-\" >\n\t\t\t\t<i aria-hidden=\"true\" class=\"fas fa-user-check\"><\/i>\t\t\t\t<\/span>\n\t\t\t<\/div>\n\t\t\t\t\t\t<div class=\"elementor-icon-box-content\">\n\t\t\t\t<h4 class=\"elementor-icon-box-title\">\n\t\t\t\t\t<span >T\u00fcm Verilerinizi G\u00fcvenle Saklay\u0131n<\/span>\n\t\t\t\t<\/h4>\n\t\t\t\t\t\t\t\t<p class=\"elementor-icon-box-description\">Logo Start 3, daha \u00f6nce farkl\u0131 ortamlarda saklad\u0131\u011f\u0131n\u0131z verileri tek bir sisteme ta\u015f\u0131yor.\nB\u00f6ylece dosyalar kar\u0131\u015fm\u0131yor, hesap hatalar\u0131 olmuyor; kazanc\u0131n\u0131z, masraflar\u0131n\u0131z, stoklar\u0131n\u0131z,\nfaturalar\u0131n\u0131z, k\u0131sacas\u0131 ihtiyac\u0131n\u0131z olan t\u00fcm bilgiler Logo Start 3 \u00fczerinde g\u00fcvenle tutuluyor.<\/p>\n\t\t\t\t\t\t\t<\/div>\n\t\t<\/div>\n\t\t\t\t<\/div>\n\t\t\t\t<\/div>\n\t\t\t\t<div class=\"elementor-element elementor-element-f9fa86c elementor-view-stacked elementor-shape-square elementor-position-left elementor-vertical-align-top elementor-widget elementor-widget-icon-box\" data-id=\"f9fa86c\" data-element_type=\"widget\" data-widget_type=\"icon-box.default\">\n\t\t\t\t<div class=\"elementor-widget-container\">\n\t\t\t\t\t<div class=\"elementor-icon-box-wrapper\">\n\t\t\t\t\t\t<div class=\"elementor-icon-box-icon\">\n\t\t\t\t<span class=\"elementor-icon elementor-animation-\" >\n\t\t\t\t<i aria-hidden=\"true\" class=\"fas fa-check-double\"><\/i>\t\t\t\t<\/span>\n\t\t\t<\/div>\n\t\t\t\t\t\t<div class=\"elementor-icon-box-content\">\n\t\t\t\t<h4 class=\"elementor-icon-box-title\">\n\t\t\t\t\t<span >Verilerinizin Analizlerinde Kontrol Sizde<\/span>\n\t\t\t\t<\/h4>\n\t\t\t\t\t\t\t\t<p class=\"elementor-icon-box-description\">Logo Start 3 kullananlar, t\u00fcm veriler Logo Start 3 \u00fczerinde oldu\u011fu i\u00e7in, kesilen faturalar\u0131n\ntoplam tutar\u0131n\u0131, maliyetleri, sipari\u015flerini, \u00f6demelerini, bekleyen tahsilatlar\u0131n\u0131, k\u00e2r-zarar\nhesaplar\u0131n\u0131 g\u00f6r\u00fcp kolayl\u0131kla raporunu alabiliyor.<\/p>\n\t\t\t\t\t\t\t<\/div>\n\t\t<\/div>\n\t\t\t\t<\/div>\n\t\t\t\t<\/div>\n\t\t\t\t<div class=\"elementor-element elementor-element-4392e95 elementor-view-stacked elementor-shape-square elementor-position-left elementor-vertical-align-top elementor-widget elementor-widget-icon-box\" data-id=\"4392e95\" data-element_type=\"widget\" data-widget_type=\"icon-box.default\">\n\t\t\t\t<div class=\"elementor-widget-container\">\n\t\t\t\t\t<div class=\"elementor-icon-box-wrapper\">\n\t\t\t\t\t\t<div class=\"elementor-icon-box-icon\">\n\t\t\t\t<span class=\"elementor-icon elementor-animation-\" >\n\t\t\t\t<i aria-hidden=\"true\" class=\"fas fa-chart-line\"><\/i>\t\t\t\t<\/span>\n\t\t\t<\/div>\n\t\t\t\t\t\t<div class=\"elementor-icon-box-content\">\n\t\t\t\t<h4 class=\"elementor-icon-box-title\">\n\t\t\t\t\t<span >Stoklar\u0131n\u0131z\u0131 Yak\u0131ndan Takip Edin<\/span>\n\t\t\t\t<\/h4>\n\t\t\t\t\t\t\t\t<p class=\"elementor-icon-box-description\">\u00dcr\u00fcn devaml\u0131l\u0131\u011f\u0131 ve m\u00fc\u015fteri memnuniyeti i\u00e7in stoklar\u0131 s\u00fcrekli kontrol alt\u0131nda tutmak gerekiyor.\nLogo Start 3 g\u00fcncel stok bilgilerini, \u00fcr\u00fcn giri\u015f-\u00e7\u0131k\u0131\u015flar\u0131n\u0131, konsinyeleri, stok de\u011ferlerini ve\n\u00fcr\u00fcn g\u00f6rsellerini i\u00e7eren s\u0131n\u0131rs\u0131z say\u0131da \u00fcr\u00fcn kartlar\u0131yla stok takibini kolayla\u015ft\u0131r\u0131yor. <\/p>\n\t\t\t\t\t\t\t<\/div>\n\t\t<\/div>\n\t\t\t\t<\/div>\n\t\t\t\t<\/div>\n\t\t\t\t<div class=\"elementor-element elementor-element-699fb657 elementor-view-stacked elementor-shape-square elementor-position-left elementor-vertical-align-top elementor-widget elementor-widget-icon-box\" data-id=\"699fb657\" data-element_type=\"widget\" data-widget_type=\"icon-box.default\">\n\t\t\t\t<div class=\"elementor-widget-container\">\n\t\t\t\t\t<div class=\"elementor-icon-box-wrapper\">\n\t\t\t\t\t\t<div class=\"elementor-icon-box-icon\">\n\t\t\t\t<span class=\"elementor-icon elementor-animation-\" >\n\t\t\t\t<i aria-hidden=\"true\" class=\"fas fa-fire\"><\/i>\t\t\t\t<\/span>\n\t\t\t<\/div>\n\t\t\t\t\t\t<div class=\"elementor-icon-box-content\">\n\t\t\t\t<h4 class=\"elementor-icon-box-title\">\n\t\t\t\t\t<span >Kapsaml\u0131 Banka \u0130\u015flemleri<\/span>\n\t\t\t\t<\/h4>\n\t\t\t\t\t\t\t\t<p class=\"elementor-icon-box-description\">Logo Start 3 ile bankac\u0131l\u0131k i\u015flemlerine\nzaman harcaman\u0131z gerekmiyor.\nBankalardaki ticari hesaplar ve kredi\nhesaplar\u0131, banka\/\u015fube adlar\u0131 ile birlikte\nya da ayr\u0131 ayr\u0131 izlenebiliyor. Havale,\nEFT, \u00e7ek\/senet \u00f6demeleri ve gelen\n\u00f6demeler de Logo Start 3 ile kolayca\ntakip edilebiliyor.<\/p>\n\t\t\t\t\t\t\t<\/div>\n\t\t<\/div>\n\t\t\t\t<\/div>\n\t\t\t\t<\/div>\n\t\t\t\t\t<\/div>\n\t\t<\/div>\n\t\t\t\t\t\t\t<\/div>\n\t\t<\/section>\n\t\t\t\t<section class=\"elementor-section elementor-top-section elementor-element elementor-element-d7e47cf elementor-section-boxed elementor-section-height-default elementor-section-height-default\" data-id=\"d7e47cf\" data-element_type=\"section\">\n\t\t\t\t\t\t<div class=\"elementor-container elementor-column-gap-default\">\n\t\t\t\t\t<div class=\"elementor-column elementor-col-100 elementor-top-column elementor-element elementor-element-e24081d\" data-id=\"e24081d\" data-element_type=\"column\">\n\t\t\t<div class=\"elementor-widget-wrap elementor-element-populated\">\n\t\t\t\t\t\t\t\t<div class=\"elementor-element elementor-element-c9cd6e6 elementor-widget elementor-widget-heading\" data-id=\"c9cd6e6\" data-element_type=\"widget\" data-widget_type=\"heading.default\">\n\t\t\t\t<div class=\"elementor-widget-container\">\n\t\t\t<h2 class=\"elementor-heading-title elementor-size-default\">TEKL\u0130F ALIN<\/h2>\t\t<\/div>\n\t\t\t\t<\/div>\n\t\t\t\t<div class=\"elementor-element elementor-element-c28cb5e elementor-button-align-stretch elementor-widget elementor-widget-form\" data-id=\"c28cb5e\" data-element_type=\"widget\" data-settings=\"{&quot;step_next_label&quot;:&quot;\\u0130leri&quot;,&quot;step_previous_label&quot;:&quot;Geri&quot;,&quot;button_width&quot;:&quot;100&quot;,&quot;step_type&quot;:&quot;number_text&quot;,&quot;step_icon_shape&quot;:&quot;circle&quot;}\" data-widget_type=\"form.default\">\n\t\t\t\t<div class=\"elementor-widget-container\">\n\t\t\t\t\t<form class=\"elementor-form\" method=\"post\" name=\"New Form\">\n\t\t\t<input type=\"hidden\" name=\"post_id\" value=\"1796\"\/>\n\t\t\t<input type=\"hidden\" name=\"form_id\" value=\"c28cb5e\"\/>\n\t\t\t<input type=\"hidden\" name=\"referer_title\" value=\"\" \/>\n\n\t\t\t\n\t\t\t<div class=\"elementor-form-fields-wrapper elementor-labels-above\">\n\t\t\t\t\t\t\t\t<div class=\"elementor-field-type-text elementor-field-group elementor-column elementor-field-group-name elementor-col-100\">\n\t\t\t\t\t<input size=\"1\" type=\"text\" name=\"form_fields[name]\" id=\"form-field-name\" class=\"elementor-field elementor-size-sm  elementor-field-textual\" placeholder=\"Ad\u0131n\u0131z\">\t\t\t\t<\/div>\n\t\t\t\t\t\t\t\t<div class=\"elementor-field-type-email elementor-field-group elementor-column elementor-field-group-email elementor-col-100 elementor-field-required\">\n\t\t\t\t\t<input size=\"1\" type=\"email\" name=\"form_fields[email]\" id=\"form-field-email\" class=\"elementor-field elementor-size-sm  elementor-field-textual\" placeholder=\"Email Adresiniz\" required=\"required\" aria-required=\"true\">\t\t\t\t<\/div>\n\t\t\t\t\t\t\t\t<div class=\"elementor-field-type-tel elementor-field-group elementor-column elementor-field-group-field_5a6e3c3 elementor-col-100\">\n\t\t\t\t\t<input size=\"1\" type=\"tel\" name=\"form_fields[field_5a6e3c3]\" id=\"form-field-field_5a6e3c3\" class=\"elementor-field elementor-size-sm  elementor-field-textual\" placeholder=\"Telefon Numaran\u0131z\" pattern=\"[0-9()#&amp;+*-=.]+\" title=\"Only numbers and phone characters (#, -, *, etc) are accepted.\">\t\t\t\t<\/div>\n\t\t\t\t\t\t\t\t<div class=\"elementor-field-type-textarea elementor-field-group elementor-column elementor-field-group-message elementor-col-100\">\n\t\t\t\t\t<textarea class=\"elementor-field-textual elementor-field  elementor-size-sm\" name=\"form_fields[message]\" id=\"form-field-message\" rows=\"4\" placeholder=\"Firma Bilgileri ve Di\u011fer Detaylar\"><\/textarea>\t\t\t\t<\/div>\n\t\t\t\t\t\t\t\t<div class=\"elementor-field-group elementor-column elementor-field-type-submit elementor-col-100 e-form__buttons\">\n\t\t\t\t\t<button type=\"submit\" class=\"elementor-button elementor-size-sm\">\n\t\t\t\t\t\t<span >\n\t\t\t\t\t\t\t\t\t\t\t\t\t\t\t<span class=\" elementor-button-icon\">\n\t\t\t\t\t\t\t\t\t\t\t\t\t\t\t\t\t\t\t\t\t\t\t\t\t\t<\/span>\n\t\t\t\t\t\t\t\t\t\t\t\t\t\t\t\t\t\t\t\t\t\t<span class=\"elementor-button-text\">G\u00f6nder<\/span>\n\t\t\t\t\t\t\t\t\t\t\t\t\t<\/span>\n\t\t\t\t\t<\/button>\n\t\t\t\t<\/div>\n\t\t\t<\/div>\n\t\t<\/form>\n\t\t\t\t<\/div>\n\t\t\t\t<\/div>\n\t\t\t\t\t<\/div>\n\t\t<\/div>\n\t\t\t\t\t\t\t<\/div>\n\t\t<\/section>\n\t\t\t\t\t\t<\/div>\n\t\t\t\t\t<\/div>\n\t\t","protected":false},"excerpt":{"rendered":"<p>LOGO START 3 Stok Takibinden Sat\u0131\u015fa, \u00d6demeden Tahsilata Kadar T\u00fcm \u0130\u015fleriniz Kontrol Alt\u0131nda \u00d6l\u00e7e\u011fi ne olursa olsun, t\u00fcm i\u015fletmelerin hedefi ayn\u0131: K\u00e2r edebilmek. Bunun i\u00e7in de stok giri\u015f-\u00e7\u0131k\u0131\u015flar\u0131, sat\u0131\u015f, \u00f6deme ve tahsilatlar\u0131n detayl\u0131 takibi, faturala\u015fma gibi s\u00fcre\u00e7lerin kontrol edilebilmesi, k\u0131sacas\u0131 sat\u0131\u015flarile maliyetler aras\u0131ndaki dengenin etkili bir \u015fekilde izlenebilmesi gerekiyor. Mikro i\u015fletmelerin ihtiya\u00e7lar\u0131ve beklentilerine g\u00f6re \u00f6zel&hellip;<\/p>\n","protected":false},"author":1,"featured_media":442,"parent":0,"menu_order":10,"comment_status":"closed","ping_status":"closed","template":"elementor_header_footer","meta":[],"class_list":["post-1796","page","type-page","status-publish","has-post-thumbnail","hentry","description-off"],"_links":{"self":[{"href":"https:\/\/vegacomputer.com\/index.php\/wp-json\/wp\/v2\/pages\/1796","targetHints":{"allow":["GET"]}}],"collection":[{"href":"https:\/\/vegacomputer.com\/index.php\/wp-json\/wp\/v2\/pages"}],"about":[{"href":"https:\/\/vegacomputer.com\/index.php\/wp-json\/wp\/v2\/types\/page"}],"author":[{"embeddable":true,"href":"https:\/\/vegacomputer.com\/index.php\/wp-json\/wp\/v2\/users\/1"}],"replies":[{"embeddable":true,"href":"https:\/\/vegacomputer.com\/index.php\/wp-json\/wp\/v2\/comments?post=1796"}],"version-history":[{"count":4,"href":"https:\/\/vegacomputer.com\/index.php\/wp-json\/wp\/v2\/pages\/1796\/revisions"}],"predecessor-version":[{"id":1859,"href":"https:\/\/vegacomputer.com\/index.php\/wp-json\/wp\/v2\/pages\/1796\/revisions\/1859"}],"wp:featuredmedia":[{"embeddable":true,"href":"https:\/\/vegacomputer.com\/index.php\/wp-json\/wp\/v2\/media\/442"}],"wp:attachment":[{"href":"https:\/\/vegacomputer.com\/index.php\/wp-json\/wp\/v2\/media?parent=1796"}],"curies":[{"name":"wp","href":"https:\/\/api.w.org\/{rel}","templated":true}]}}