{"id":1790,"date":"2021-03-22T22:20:43","date_gmt":"2021-03-22T22:20:43","guid":{"rendered":"https:\/\/vegacomputer.com\/?page_id=1790"},"modified":"2021-04-12T12:35:19","modified_gmt":"2021-04-12T12:35:19","slug":"e-irasliye","status":"publish","type":"page","link":"https:\/\/vegacomputer.com\/index.php\/e-irasliye\/","title":{"rendered":"E-\u0130RSAL\u0130YE"},"content":{"rendered":"\t\t<div data-elementor-type=\"wp-page\" data-elementor-id=\"1790\" class=\"elementor elementor-1790\" data-elementor-settings=\"[]\">\n\t\t\t\t\t\t\t<div class=\"elementor-section-wrap\">\n\t\t\t\t\t\t\t<section class=\"elementor-section elementor-top-section elementor-element elementor-element-3811f063 elementor-reverse-tablet elementor-reverse-mobile elementor-section-boxed elementor-section-height-default elementor-section-height-default\" data-id=\"3811f063\" data-element_type=\"section\">\n\t\t\t\t\t\t<div class=\"elementor-container elementor-column-gap-no\">\n\t\t\t\t\t<div class=\"elementor-column elementor-col-100 elementor-top-column elementor-element elementor-element-668fb0ac\" data-id=\"668fb0ac\" data-element_type=\"column\">\n\t\t\t<div class=\"elementor-widget-wrap elementor-element-populated\">\n\t\t\t\t\t\t\t\t<div class=\"elementor-element elementor-element-74d98ca1 elementor-widget elementor-widget-heading\" data-id=\"74d98ca1\" data-element_type=\"widget\" data-widget_type=\"heading.default\">\n\t\t\t\t<div class=\"elementor-widget-container\">\n\t\t\t<h2 class=\"elementor-heading-title elementor-size-default\">Logo e-irsaliye<\/h2>\t\t<\/div>\n\t\t\t\t<\/div>\n\t\t\t\t<div class=\"elementor-element elementor-element-2885fbf8 elementor-widget-divider--view-line elementor-widget elementor-widget-divider\" data-id=\"2885fbf8\" data-element_type=\"widget\" data-widget_type=\"divider.default\">\n\t\t\t\t<div class=\"elementor-widget-container\">\n\t\t\t\t\t<div class=\"elementor-divider\">\n\t\t\t<span class=\"elementor-divider-separator\">\n\t\t\t\t\t\t<\/span>\n\t\t<\/div>\n\t\t\t\t<\/div>\n\t\t\t\t<\/div>\n\t\t\t\t<div class=\"elementor-element elementor-element-70f182da elementor-widget elementor-widget-text-editor\" data-id=\"70f182da\" data-element_type=\"widget\" data-widget_type=\"text-editor.default\">\n\t\t\t\t<div class=\"elementor-widget-container\">\n\t\t\t\t\t<div class=\"elementor-text-editor elementor-clearfix\"><h3 class=\"sec-cap\">Sevk irsaliyelerini dijital ortamda olu\u015fturarak sevkiyat s\u00fcre\u00e7lerini ve ticareti h\u0131zland\u0131rmay\u0131 sa\u011flayan e-\u0130rsaliye, i\u015fletmelerin verimlili\u011fini art\u0131r\u0131yor.<\/h3><h3>Yasal mevzuata uyumlu \u00a0<\/h3><div class=\"formatted-text pr-short\"><p>Gelir \u0130daresi Ba\u015fkanl\u0131\u011f\u0131 taraf\u0131ndan uygulamaya ge\u00e7irilen e-irsaliye, ka\u011f\u0131t ortamdaki sevk irsaliyesi ile ayn\u0131 hukuki niteliklere sahip bulunuyor. e-\u0130rsaliye ile sevk irsaliyeleri mevzuata uyumlu \u015fekilde elektronik sertifika ile imzalanarak elektronik ortamda iletiliyor, muhafaza ve ibraz ediliyor.<\/p><h3>Daha d\u00fc\u015f\u00fck maliyet\u00a0<\/h3><p>e-\u0130rsaliye uygulamas\u0131ndan yararlanan i\u015fletmeler i\u015f s\u00fcre\u00e7lerinde h\u0131z ve verimlilik art\u0131\u015f\u0131 elde ederken, ka\u011f\u0131t sevk irsaliyelerinin bas\u0131m\u0131 ve haz\u0131rlanmas\u0131 gibi i\u015flemlerden kaynaklanan maliyetlerden de tasarruf sa\u011fl\u0131yor. \u00a0<\/p><\/div><\/div>\n\t\t\t\t<\/div>\n\t\t\t\t<\/div>\n\t\t\t\t<div class=\"elementor-element elementor-element-4ba55d9 elementor-view-stacked elementor-shape-square elementor-position-left elementor-vertical-align-top elementor-widget elementor-widget-icon-box\" data-id=\"4ba55d9\" data-element_type=\"widget\" data-widget_type=\"icon-box.default\">\n\t\t\t\t<div class=\"elementor-widget-container\">\n\t\t\t\t\t<div class=\"elementor-icon-box-wrapper\">\n\t\t\t\t\t\t<div class=\"elementor-icon-box-icon\">\n\t\t\t\t<span class=\"elementor-icon elementor-animation-\" >\n\t\t\t\t<i aria-hidden=\"true\" class=\"fas fa-user-check\"><\/i>\t\t\t\t<\/span>\n\t\t\t<\/div>\n\t\t\t\t\t\t<div class=\"elementor-icon-box-content\">\n\t\t\t\t<h4 class=\"elementor-icon-box-title\">\n\t\t\t\t\t<span >Kolay entegrasyon<\/span>\n\t\t\t\t<\/h4>\n\t\t\t\t\t\t\t\t<p class=\"elementor-icon-box-description\">e-\u0130rsaliye uygulamas\u0131, i\u015fletmelerde kullan\u0131lmakta olan di\u011fer yaz\u0131l\u0131mlar, sistemler ve i\u015fletmenin genel i\u015f s\u00fcre\u00e7lerine kolayca entegre edilebiliyor. <\/p>\n\t\t\t\t\t\t\t<\/div>\n\t\t<\/div>\n\t\t\t\t<\/div>\n\t\t\t\t<\/div>\n\t\t\t\t<div class=\"elementor-element elementor-element-f9fa86c elementor-view-stacked elementor-shape-square elementor-position-left elementor-vertical-align-top elementor-widget elementor-widget-icon-box\" data-id=\"f9fa86c\" data-element_type=\"widget\" data-widget_type=\"icon-box.default\">\n\t\t\t\t<div class=\"elementor-widget-container\">\n\t\t\t\t\t<div class=\"elementor-icon-box-wrapper\">\n\t\t\t\t\t\t<div class=\"elementor-icon-box-icon\">\n\t\t\t\t<span class=\"elementor-icon elementor-animation-\" >\n\t\t\t\t<i aria-hidden=\"true\" class=\"fas fa-check-double\"><\/i>\t\t\t\t<\/span>\n\t\t\t<\/div>\n\t\t\t\t\t\t<div class=\"elementor-icon-box-content\">\n\t\t\t\t<h4 class=\"elementor-icon-box-title\">\n\t\t\t\t\t<span >Veri g\u00fcvenli\u011fi<\/span>\n\t\t\t\t<\/h4>\n\t\t\t\t\t\t\t\t<p class=\"elementor-icon-box-description\">e-\u0130rsaliye ile sevk irsaliyelerinin dijital ortama ta\u015f\u0131nmas\u0131 , bu kay\u0131tlar\u0131n g\u00fcvenli\u011fini sa\u011fl\u0131yor. <\/p>\n\t\t\t\t\t\t\t<\/div>\n\t\t<\/div>\n\t\t\t\t<\/div>\n\t\t\t\t<\/div>\n\t\t\t\t<div class=\"elementor-element elementor-element-4392e95 elementor-view-stacked elementor-shape-square elementor-position-left elementor-vertical-align-top elementor-widget elementor-widget-icon-box\" data-id=\"4392e95\" data-element_type=\"widget\" data-widget_type=\"icon-box.default\">\n\t\t\t\t<div class=\"elementor-widget-container\">\n\t\t\t\t\t<div class=\"elementor-icon-box-wrapper\">\n\t\t\t\t\t\t<div class=\"elementor-icon-box-icon\">\n\t\t\t\t<span class=\"elementor-icon elementor-animation-\" >\n\t\t\t\t<i aria-hidden=\"true\" class=\"fas fa-chart-line\"><\/i>\t\t\t\t<\/span>\n\t\t\t<\/div>\n\t\t\t\t\t\t<div class=\"elementor-icon-box-content\">\n\t\t\t\t<h4 class=\"elementor-icon-box-title\">\n\t\t\t\t\t<span >\u00c7evre dostu irsaliye s\u00fcre\u00e7leri<\/span>\n\t\t\t\t<\/h4>\n\t\t\t\t\t\t\t\t<p class=\"elementor-icon-box-description\">e-\u0130rsaliye, ka\u011f\u0131t kullan\u0131m\u0131n\u0131n sona ermesiyle sa\u011flanan maliyet avantaj\u0131na ek olarak \u00e7evre dostu bir uygulama da sunuyor. \u0130rsaliyelerin elektronik ortama ge\u00e7mesiyle birlikte i\u015fletmelerde k\u00e2\u011f\u0131t kullan\u0131m\u0131 azalt\u0131l\u0131yor ve a\u011fa\u00e7lar\u0131n kesilmesi \u00f6nleniyor.  <\/p>\n\t\t\t\t\t\t\t<\/div>\n\t\t<\/div>\n\t\t\t\t<\/div>\n\t\t\t\t<\/div>\n\t\t\t\t<div class=\"elementor-element elementor-element-699fb657 elementor-view-stacked elementor-shape-square elementor-position-left elementor-vertical-align-top elementor-widget elementor-widget-icon-box\" data-id=\"699fb657\" data-element_type=\"widget\" data-widget_type=\"icon-box.default\">\n\t\t\t\t<div class=\"elementor-widget-container\">\n\t\t\t\t\t<div class=\"elementor-icon-box-wrapper\">\n\t\t\t\t\t\t<div class=\"elementor-icon-box-icon\">\n\t\t\t\t<span class=\"elementor-icon elementor-animation-\" >\n\t\t\t\t<i aria-hidden=\"true\" class=\"fas fa-fire\"><\/i>\t\t\t\t<\/span>\n\t\t\t<\/div>\n\t\t\t\t\t\t<div class=\"elementor-icon-box-content\">\n\t\t\t\t<h4 class=\"elementor-icon-box-title\">\n\t\t\t\t\t<span >Yasal mevzuata uyum ve g\u00fcncel yap\u0131<\/span>\n\t\t\t\t<\/h4>\n\t\t\t\t\t\t\t\t<p class=\"elementor-icon-box-description\">Gelir \u0130daresi Ba\u015fkanl\u0131\u011f\u0131'n\u0131n standartlar\u0131na uyumlu \u015fekilde geli\u015ftirilen e-\u0130rsaliye, de\u011fi\u015fen mevzuata g\u00f6re d\u00fczenli olarak g\u00fcncellenerek s\u00fcrekli uyumluluk sa\u011fl\u0131yor. <\/p>\n\t\t\t\t\t\t\t<\/div>\n\t\t<\/div>\n\t\t\t\t<\/div>\n\t\t\t\t<\/div>\n\t\t\t\t\t<\/div>\n\t\t<\/div>\n\t\t\t\t\t\t\t<\/div>\n\t\t<\/section>\n\t\t\t\t<section class=\"elementor-section elementor-top-section elementor-element elementor-element-d7e47cf elementor-section-boxed elementor-section-height-default elementor-section-height-default\" data-id=\"d7e47cf\" data-element_type=\"section\">\n\t\t\t\t\t\t<div class=\"elementor-container elementor-column-gap-default\">\n\t\t\t\t\t<div class=\"elementor-column elementor-col-100 elementor-top-column elementor-element elementor-element-e24081d\" data-id=\"e24081d\" data-element_type=\"column\">\n\t\t\t<div class=\"elementor-widget-wrap elementor-element-populated\">\n\t\t\t\t\t\t\t\t<div class=\"elementor-element elementor-element-c9cd6e6 elementor-widget elementor-widget-heading\" data-id=\"c9cd6e6\" data-element_type=\"widget\" data-widget_type=\"heading.default\">\n\t\t\t\t<div class=\"elementor-widget-container\">\n\t\t\t<h2 class=\"elementor-heading-title elementor-size-default\">TEKL\u0130F ALIN<\/h2>\t\t<\/div>\n\t\t\t\t<\/div>\n\t\t\t\t<div class=\"elementor-element elementor-element-c28cb5e elementor-button-align-stretch elementor-widget elementor-widget-form\" data-id=\"c28cb5e\" data-element_type=\"widget\" data-settings=\"{&quot;step_next_label&quot;:&quot;\\u0130leri&quot;,&quot;step_previous_label&quot;:&quot;Geri&quot;,&quot;button_width&quot;:&quot;100&quot;,&quot;step_type&quot;:&quot;number_text&quot;,&quot;step_icon_shape&quot;:&quot;circle&quot;}\" data-widget_type=\"form.default\">\n\t\t\t\t<div class=\"elementor-widget-container\">\n\t\t\t\t\t<form class=\"elementor-form\" method=\"post\" name=\"New Form\">\n\t\t\t<input type=\"hidden\" name=\"post_id\" value=\"1790\"\/>\n\t\t\t<input type=\"hidden\" name=\"form_id\" value=\"c28cb5e\"\/>\n\t\t\t<input type=\"hidden\" name=\"referer_title\" value=\"\" \/>\n\n\t\t\t\n\t\t\t<div class=\"elementor-form-fields-wrapper elementor-labels-above\">\n\t\t\t\t\t\t\t\t<div class=\"elementor-field-type-text elementor-field-group elementor-column elementor-field-group-name elementor-col-100\">\n\t\t\t\t\t<input size=\"1\" type=\"text\" name=\"form_fields[name]\" id=\"form-field-name\" class=\"elementor-field elementor-size-sm  elementor-field-textual\" placeholder=\"Ad\u0131n\u0131z\">\t\t\t\t<\/div>\n\t\t\t\t\t\t\t\t<div class=\"elementor-field-type-email elementor-field-group elementor-column elementor-field-group-email elementor-col-100 elementor-field-required\">\n\t\t\t\t\t<input size=\"1\" type=\"email\" name=\"form_fields[email]\" id=\"form-field-email\" class=\"elementor-field elementor-size-sm  elementor-field-textual\" placeholder=\"Email Adresiniz\" required=\"required\" aria-required=\"true\">\t\t\t\t<\/div>\n\t\t\t\t\t\t\t\t<div class=\"elementor-field-type-tel elementor-field-group elementor-column elementor-field-group-field_5a6e3c3 elementor-col-100\">\n\t\t\t\t\t<input size=\"1\" type=\"tel\" name=\"form_fields[field_5a6e3c3]\" id=\"form-field-field_5a6e3c3\" class=\"elementor-field elementor-size-sm  elementor-field-textual\" placeholder=\"Telefon Numaran\u0131z\" pattern=\"[0-9()#&amp;+*-=.]+\" title=\"Only numbers and phone characters (#, -, *, etc) are accepted.\">\t\t\t\t<\/div>\n\t\t\t\t\t\t\t\t<div class=\"elementor-field-type-textarea elementor-field-group elementor-column elementor-field-group-message elementor-col-100\">\n\t\t\t\t\t<textarea class=\"elementor-field-textual elementor-field  elementor-size-sm\" name=\"form_fields[message]\" id=\"form-field-message\" rows=\"4\" placeholder=\"Firma Bilgileri ve Di\u011fer Detaylar\"><\/textarea>\t\t\t\t<\/div>\n\t\t\t\t\t\t\t\t<div class=\"elementor-field-group elementor-column elementor-field-type-submit elementor-col-100 e-form__buttons\">\n\t\t\t\t\t<button type=\"submit\" class=\"elementor-button elementor-size-sm\">\n\t\t\t\t\t\t<span >\n\t\t\t\t\t\t\t\t\t\t\t\t\t\t\t<span class=\" elementor-button-icon\">\n\t\t\t\t\t\t\t\t\t\t\t\t\t\t\t\t\t\t\t\t\t\t\t\t\t\t<\/span>\n\t\t\t\t\t\t\t\t\t\t\t\t\t\t\t\t\t\t\t\t\t\t<span class=\"elementor-button-text\">G\u00f6nder<\/span>\n\t\t\t\t\t\t\t\t\t\t\t\t\t<\/span>\n\t\t\t\t\t<\/button>\n\t\t\t\t<\/div>\n\t\t\t<\/div>\n\t\t<\/form>\n\t\t\t\t<\/div>\n\t\t\t\t<\/div>\n\t\t\t\t\t<\/div>\n\t\t<\/div>\n\t\t\t\t\t\t\t<\/div>\n\t\t<\/section>\n\t\t\t\t\t\t<\/div>\n\t\t\t\t\t<\/div>\n\t\t","protected":false},"excerpt":{"rendered":"<p>Logo e-irsaliye Sevk irsaliyelerini dijital ortamda olu\u015fturarak sevkiyat s\u00fcre\u00e7lerini ve ticareti h\u0131zland\u0131rmay\u0131 sa\u011flayan e-\u0130rsaliye, i\u015fletmelerin verimlili\u011fini art\u0131r\u0131yor. Yasal mevzuata uyumlu \u00a0 Gelir \u0130daresi Ba\u015fkanl\u0131\u011f\u0131 taraf\u0131ndan uygulamaya ge\u00e7irilen e-irsaliye, ka\u011f\u0131t ortamdaki sevk irsaliyesi ile ayn\u0131 hukuki niteliklere sahip bulunuyor. e-\u0130rsaliye ile sevk irsaliyeleri mevzuata uyumlu \u015fekilde elektronik sertifika ile imzalanarak elektronik ortamda iletiliyor, muhafaza ve ibraz&hellip;<\/p>\n","protected":false},"author":1,"featured_media":442,"parent":0,"menu_order":10,"comment_status":"closed","ping_status":"closed","template":"elementor_header_footer","meta":[],"class_list":["post-1790","page","type-page","status-publish","has-post-thumbnail","hentry","description-off"],"_links":{"self":[{"href":"https:\/\/vegacomputer.com\/index.php\/wp-json\/wp\/v2\/pages\/1790","targetHints":{"allow":["GET"]}}],"collection":[{"href":"https:\/\/vegacomputer.com\/index.php\/wp-json\/wp\/v2\/pages"}],"about":[{"href":"https:\/\/vegacomputer.com\/index.php\/wp-json\/wp\/v2\/types\/page"}],"author":[{"embeddable":true,"href":"https:\/\/vegacomputer.com\/index.php\/wp-json\/wp\/v2\/users\/1"}],"replies":[{"embeddable":true,"href":"https:\/\/vegacomputer.com\/index.php\/wp-json\/wp\/v2\/comments?post=1790"}],"version-history":[{"count":5,"href":"https:\/\/vegacomputer.com\/index.php\/wp-json\/wp\/v2\/pages\/1790\/revisions"}],"predecessor-version":[{"id":1849,"href":"https:\/\/vegacomputer.com\/index.php\/wp-json\/wp\/v2\/pages\/1790\/revisions\/1849"}],"wp:featuredmedia":[{"embeddable":true,"href":"https:\/\/vegacomputer.com\/index.php\/wp-json\/wp\/v2\/media\/442"}],"wp:attachment":[{"href":"https:\/\/vegacomputer.com\/index.php\/wp-json\/wp\/v2\/media?parent=1790"}],"curies":[{"name":"wp","href":"https:\/\/api.w.org\/{rel}","templated":true}]}}