{"id":1766,"date":"2021-03-22T22:08:20","date_gmt":"2021-03-22T22:08:20","guid":{"rendered":"https:\/\/vegacomputer.com\/?page_id=1766"},"modified":"2021-04-12T13:09:05","modified_gmt":"2021-04-12T13:09:05","slug":"tiger-3-entr","status":"publish","type":"page","link":"https:\/\/vegacomputer.com\/index.php\/tiger-3-entr\/","title":{"rendered":"TIGER 3 ENTERPRISE"},"content":{"rendered":"\t\t<div data-elementor-type=\"wp-page\" data-elementor-id=\"1766\" class=\"elementor elementor-1766\" data-elementor-settings=\"[]\">\n\t\t\t\t\t\t\t<div class=\"elementor-section-wrap\">\n\t\t\t\t\t\t\t<section class=\"elementor-section elementor-top-section elementor-element elementor-element-3811f063 elementor-reverse-tablet elementor-reverse-mobile elementor-section-boxed elementor-section-height-default elementor-section-height-default\" data-id=\"3811f063\" data-element_type=\"section\">\n\t\t\t\t\t\t<div class=\"elementor-container elementor-column-gap-no\">\n\t\t\t\t\t<div class=\"elementor-column elementor-col-100 elementor-top-column elementor-element elementor-element-668fb0ac\" data-id=\"668fb0ac\" data-element_type=\"column\">\n\t\t\t<div class=\"elementor-widget-wrap elementor-element-populated\">\n\t\t\t\t\t\t\t\t<div class=\"elementor-element elementor-element-74d98ca1 elementor-widget elementor-widget-heading\" data-id=\"74d98ca1\" data-element_type=\"widget\" data-widget_type=\"heading.default\">\n\t\t\t\t<div class=\"elementor-widget-container\">\n\t\t\t<h2 class=\"elementor-heading-title elementor-size-default\">Logo TIGER 3 ENTERPRISE<\/h2>\t\t<\/div>\n\t\t\t\t<\/div>\n\t\t\t\t<div class=\"elementor-element elementor-element-2885fbf8 elementor-widget-divider--view-line elementor-widget elementor-widget-divider\" data-id=\"2885fbf8\" data-element_type=\"widget\" data-widget_type=\"divider.default\">\n\t\t\t\t<div class=\"elementor-widget-container\">\n\t\t\t\t\t<div class=\"elementor-divider\">\n\t\t\t<span class=\"elementor-divider-separator\">\n\t\t\t\t\t\t<\/span>\n\t\t<\/div>\n\t\t\t\t<\/div>\n\t\t\t\t<\/div>\n\t\t\t\t<div class=\"elementor-element elementor-element-70f182da elementor-widget elementor-widget-text-editor\" data-id=\"70f182da\" data-element_type=\"widget\" data-widget_type=\"text-editor.default\">\n\t\t\t\t<div class=\"elementor-widget-container\">\n\t\t\t\t\t<div class=\"elementor-text-editor elementor-clearfix\"><h3 class=\"sec-cap\">Kapsaml\u0131 \u00fcretim faaliyetleri olan orta ve b\u00fcy\u00fck \u00f6l\u00e7ekli i\u015fletmelere y\u00f6nelik Logo Tiger 3 Enterprise, s\u00fcre\u00e7leri kolayla\u015ft\u0131r\u0131p geni\u015f fonksiyon yelpazesiyle \u00fcretim s\u00fcre\u00e7lerindeki ihtiya\u00e7lar\u0131 etkili \u015fekilde kar\u015f\u0131layarak \u00fcretimde s\u00fcrd\u00fcr\u00fclebilir verimlilik sa\u011fl\u0131yor.<br \/><br \/><\/h3><h3>Pratik ve uygun maliyetli y\u00f6netim\u00a0<\/h3><div class=\"formatted-text pr-short\"><p>\u00d6zellikle \u00fcretim yapan i\u015fletmelerin i\u015f s\u00fcre\u00e7lerine kalite ve verimlilik kazand\u0131ran Logo Tiger 3 Enterprise ERP, t\u00fcm operasyonlar\u0131n pratik bir \u015fekilde ve uygun maliyetlerle y\u00f6netilmesini sa\u011fl\u0131yor. Birimler aras\u0131 bilgi ak\u0131\u015f\u0131 do\u011fru ve g\u00fcncel verilerle sa\u011flan\u0131rken, karma\u015f\u0131k i\u015f s\u00fcre\u00e7leri de sadele\u015ftirilip d\u00fczenleniyor.\u00a0<\/p><h3>Tek noktadan eri\u015fim\u00a0\u00a0<\/h3><p>Logo Tiger 3 Enterprise ile tedarik s\u00fcre\u00e7lerinden m\u00fc\u015fteri ili\u015fkileri y\u00f6netimine kadar t\u00fcm faaliyetler tek noktadan ve tutarl\u0131 \u015fekilde y\u00fcr\u00fct\u00fclebiliyor. B\u00f6ylece i\u015fletmenin s\u00fcrd\u00fcr\u00fclebilir performans\u0131nda geli\u015fme kaydediliyor. Yine tek noktadan eri\u015fim sayesinde kullan\u0131c\u0131lar aras\u0131nda e\u015f zamanl\u0131 ileti\u015fim sa\u011flanabildi\u011fi i\u00e7in zamandan ve gereksiz ileti\u015fim trafi\u011finden de tasarruf ediliyor.\u00a0<\/p><p>\u00a0<\/p><\/div><\/div>\n\t\t\t\t<\/div>\n\t\t\t\t<\/div>\n\t\t\t\t<div class=\"elementor-element elementor-element-4ba55d9 elementor-view-stacked elementor-shape-square elementor-position-left elementor-vertical-align-top elementor-widget elementor-widget-icon-box\" data-id=\"4ba55d9\" data-element_type=\"widget\" data-widget_type=\"icon-box.default\">\n\t\t\t\t<div class=\"elementor-widget-container\">\n\t\t\t\t\t<div class=\"elementor-icon-box-wrapper\">\n\t\t\t\t\t\t<div class=\"elementor-icon-box-icon\">\n\t\t\t\t<span class=\"elementor-icon elementor-animation-\" >\n\t\t\t\t<i aria-hidden=\"true\" class=\"fas fa-user-check\"><\/i>\t\t\t\t<\/span>\n\t\t\t<\/div>\n\t\t\t\t\t\t<div class=\"elementor-icon-box-content\">\n\t\t\t\t<h4 class=\"elementor-icon-box-title\">\n\t\t\t\t\t<span >Kullan\u0131m kolayl\u0131\u011f\u0131 sa\u011flayan tasar\u0131m<\/span>\n\t\t\t\t<\/h4>\n\t\t\t\t\t\t\t\t<p class=\"elementor-icon-box-description\">Kullan\u0131c\u0131 geribildirimleri do\u011frultusunda yeniden \u015fekillenen aray\u00fcz\u00fcyle Logo Tiger 3 Enterprise y\u00fcksek d\u00fczeyde kullan\u0131m kolayl\u0131\u011f\u0131 sunuyor. Logo Tiger 3 Enterprise'\u0131n masa\u00fcst\u00fc, s\u00fcr\u00fckle-b\u0131rak \u00f6zelli\u011fiyle kolayca ki\u015fiselle\u015ftirilebiliyor ve d\u0131\u015f ba\u011flant\u0131lar rahat\u00e7a eklenebiliyor. Arka plan \u00f6zelle\u015ftirmeleri, t\u00fcm fonksiyonlar\u0131 tek noktadan g\u00f6r\u00fcnt\u00fcleme, i\u015flevsel arama butonu gibi \u00f6zellikler de \u00e7\u00f6z\u00fcm\u00fcn sundu\u011fu konforu daha da art\u0131r\u0131yor. <\/p>\n\t\t\t\t\t\t\t<\/div>\n\t\t<\/div>\n\t\t\t\t<\/div>\n\t\t\t\t<\/div>\n\t\t\t\t<div class=\"elementor-element elementor-element-f9fa86c elementor-view-stacked elementor-shape-square elementor-position-left elementor-vertical-align-top elementor-widget elementor-widget-icon-box\" data-id=\"f9fa86c\" data-element_type=\"widget\" data-widget_type=\"icon-box.default\">\n\t\t\t\t<div class=\"elementor-widget-container\">\n\t\t\t\t\t<div class=\"elementor-icon-box-wrapper\">\n\t\t\t\t\t\t<div class=\"elementor-icon-box-icon\">\n\t\t\t\t<span class=\"elementor-icon elementor-animation-\" >\n\t\t\t\t<i aria-hidden=\"true\" class=\"fas fa-check-double\"><\/i>\t\t\t\t<\/span>\n\t\t\t<\/div>\n\t\t\t\t\t\t<div class=\"elementor-icon-box-content\">\n\t\t\t\t<h4 class=\"elementor-icon-box-title\">\n\t\t\t\t\t<span >Her i\u015fletmenin ihtiyac\u0131na uygun fonksiyonlar<\/span>\n\t\t\t\t<\/h4>\n\t\t\t\t\t\t\t\t<p class=\"elementor-icon-box-description\">Logo Tiger 3 Enterprise, standart mod\u00fcllerin yan\u0131 s\u0131ra, i\u015fletmelerin tam da ihtiya\u00e7 duyduklar\u0131 \u00f6zelliklere sahip bir fonksiyon k\u00fcmesi olu\u015fturabilmesi i\u00e7in Logo ve Logo \u00c7\u00f6z\u00fcm Ortaklar\u0131 taraf\u0131ndan geli\u015ftirilen app ve widget'larla zenginle\u015ftirilebiliyor. <\/p>\n\t\t\t\t\t\t\t<\/div>\n\t\t<\/div>\n\t\t\t\t<\/div>\n\t\t\t\t<\/div>\n\t\t\t\t<div class=\"elementor-element elementor-element-4392e95 elementor-view-stacked elementor-shape-square elementor-position-left elementor-vertical-align-top elementor-widget elementor-widget-icon-box\" data-id=\"4392e95\" data-element_type=\"widget\" data-widget_type=\"icon-box.default\">\n\t\t\t\t<div class=\"elementor-widget-container\">\n\t\t\t\t\t<div class=\"elementor-icon-box-wrapper\">\n\t\t\t\t\t\t<div class=\"elementor-icon-box-icon\">\n\t\t\t\t<span class=\"elementor-icon elementor-animation-\" >\n\t\t\t\t<i aria-hidden=\"true\" class=\"fas fa-chart-line\"><\/i>\t\t\t\t<\/span>\n\t\t\t<\/div>\n\t\t\t\t\t\t<div class=\"elementor-icon-box-content\">\n\t\t\t\t<h4 class=\"elementor-icon-box-title\">\n\t\t\t\t\t<span >Sipari\u015f ve teslimat operasyonlar\u0131nda kolayl\u0131k<\/span>\n\t\t\t\t<\/h4>\n\t\t\t\t\t\t\t\t<p class=\"elementor-icon-box-description\">T\u00fcrk liras\u0131n\u0131n yan\u0131 s\u0131ra d\u00f6vizli fatura kesimi ve \u00f6demelerin d\u00f6vizli takibini de sa\u011flayan Logo Tiger 3 Enterprise, i\u015fletmelerin yurt d\u0131\u015f\u0131 operasyonlar\u0131n\u0131 kayda de\u011fer oranda kolayla\u015ft\u0131r\u0131yor. Sipari\u015f ve teslimat i\u00e7in gerekli olan t\u00fcm evraklar\u0131n olu\u015fturulmas\u0131ndan zaman\u0131nda teslimat yap\u0131lmas\u0131na kadar t\u00fcm s\u00fcre\u00e7 entegre bir \u015fekilde y\u00f6netilebiliyor.<\/p>\n\t\t\t\t\t\t\t<\/div>\n\t\t<\/div>\n\t\t\t\t<\/div>\n\t\t\t\t<\/div>\n\t\t\t\t<div class=\"elementor-element elementor-element-699fb657 elementor-view-stacked elementor-shape-square elementor-position-left elementor-vertical-align-top elementor-widget elementor-widget-icon-box\" data-id=\"699fb657\" data-element_type=\"widget\" data-widget_type=\"icon-box.default\">\n\t\t\t\t<div class=\"elementor-widget-container\">\n\t\t\t\t\t<div class=\"elementor-icon-box-wrapper\">\n\t\t\t\t\t\t<div class=\"elementor-icon-box-icon\">\n\t\t\t\t<span class=\"elementor-icon elementor-animation-\" >\n\t\t\t\t<i aria-hidden=\"true\" class=\"fas fa-fire\"><\/i>\t\t\t\t<\/span>\n\t\t\t<\/div>\n\t\t\t\t\t\t<div class=\"elementor-icon-box-content\">\n\t\t\t\t<h4 class=\"elementor-icon-box-title\">\n\t\t\t\t\t<span >Daha kaliteli stok operasyonlar\u0131<\/span>\n\t\t\t\t<\/h4>\n\t\t\t\t\t\t\t\t<p class=\"elementor-icon-box-description\">Logo Tiger 3 Enterprise, stok operasyonlar\u0131nda da i\u015fletmelere avantajlar sunuyor. Stok hedef ve stratejileri olu\u015fturup takip etmeyi, envanter maliyetlerinin kontrol\u00fcn\u00fc, anl\u0131k stok de\u011ferleri ve seviyelerini izlemeyi sa\u011flayan Stok Kontrol mod\u00fcl\u00fcnde, farkl\u0131 \u00fcr\u00fcn yelpazeleri ile \u00e7al\u0131\u015fanlar i\u00e7in tasarlanm\u0131\u015f malzeme s\u0131n\u0131fland\u0131rma \u00f6zelli\u011fi ve seviyelendirilmi\u015f hiyerar\u015fi sayesinde \u00fcr\u00fcnler kolayca takip edilebiliyor. Farkl\u0131 birimlerle izleme \u00f6zelli\u011fiyle malzemeler s\u0131n\u0131rs\u0131z say\u0131da birimle takip edilirken, \u00e7evrim katsay\u0131lar\u0131 \u00f6zelli\u011fiyle de tek bir birim \u00fczerinden raporlama yap\u0131labiliyor. Matris ara birimi, ayn\u0131 t\u00fcrdeki malzemeleri farkl\u0131 \u00f6zelliklerle izleyebiliyor; bu sayede, binlerce malzemeyi ilgilendiren bir de\u011fi\u015fiklik sadece tek bir tan\u0131m de\u011fi\u015ftirilerek g\u00fcncellenebiliyor. <\/p>\n\t\t\t\t\t\t\t<\/div>\n\t\t<\/div>\n\t\t\t\t<\/div>\n\t\t\t\t<\/div>\n\t\t\t\t\t<\/div>\n\t\t<\/div>\n\t\t\t\t\t\t\t<\/div>\n\t\t<\/section>\n\t\t\t\t<section class=\"elementor-section elementor-top-section elementor-element elementor-element-f943c25 elementor-section-boxed elementor-section-height-default elementor-section-height-default\" data-id=\"f943c25\" data-element_type=\"section\">\n\t\t\t\t\t\t<div class=\"elementor-container elementor-column-gap-default\">\n\t\t\t\t\t<div class=\"elementor-column elementor-col-33 elementor-top-column elementor-element elementor-element-21369f2\" data-id=\"21369f2\" data-element_type=\"column\">\n\t\t\t<div class=\"elementor-widget-wrap\">\n\t\t\t\t\t\t\t\t\t<\/div>\n\t\t<\/div>\n\t\t\t\t<div class=\"elementor-column elementor-col-33 elementor-top-column elementor-element elementor-element-a02de7a\" data-id=\"a02de7a\" data-element_type=\"column\">\n\t\t\t<div class=\"elementor-widget-wrap elementor-element-populated\">\n\t\t\t\t\t\t\t\t<div class=\"elementor-element elementor-element-3069c90 elementor-aspect-ratio-169 elementor-widget elementor-widget-video\" data-id=\"3069c90\" data-element_type=\"widget\" data-settings=\"{&quot;youtube_url&quot;:&quot;https:\\\/\\\/www.youtube.com\\\/watch?v=ZlD6axRtKfU&amp;feature=emb_logo&quot;,&quot;lazy_load&quot;:&quot;yes&quot;,&quot;video_type&quot;:&quot;youtube&quot;,&quot;controls&quot;:&quot;yes&quot;,&quot;aspect_ratio&quot;:&quot;169&quot;}\" data-widget_type=\"video.default\">\n\t\t\t\t<div class=\"elementor-widget-container\">\n\t\t\t\t\t<div class=\"elementor-wrapper elementor-fit-aspect-ratio elementor-open-inline\">\n\t\t\t<div class=\"elementor-video\"><\/div>\t\t<\/div>\n\t\t\t\t<\/div>\n\t\t\t\t<\/div>\n\t\t\t\t\t<\/div>\n\t\t<\/div>\n\t\t\t\t<div class=\"elementor-column elementor-col-33 elementor-top-column elementor-element elementor-element-4d577a0\" data-id=\"4d577a0\" data-element_type=\"column\">\n\t\t\t<div class=\"elementor-widget-wrap\">\n\t\t\t\t\t\t\t\t\t<\/div>\n\t\t<\/div>\n\t\t\t\t\t\t\t<\/div>\n\t\t<\/section>\n\t\t\t\t<section class=\"elementor-section elementor-top-section elementor-element elementor-element-d7e47cf elementor-section-boxed elementor-section-height-default elementor-section-height-default\" data-id=\"d7e47cf\" data-element_type=\"section\">\n\t\t\t\t\t\t<div class=\"elementor-container elementor-column-gap-default\">\n\t\t\t\t\t<div class=\"elementor-column elementor-col-100 elementor-top-column elementor-element elementor-element-e24081d\" data-id=\"e24081d\" data-element_type=\"column\">\n\t\t\t<div class=\"elementor-widget-wrap elementor-element-populated\">\n\t\t\t\t\t\t\t\t<div class=\"elementor-element elementor-element-c9cd6e6 elementor-widget elementor-widget-heading\" data-id=\"c9cd6e6\" data-element_type=\"widget\" data-widget_type=\"heading.default\">\n\t\t\t\t<div class=\"elementor-widget-container\">\n\t\t\t<h2 class=\"elementor-heading-title elementor-size-default\">TEKL\u0130F ALIN<\/h2>\t\t<\/div>\n\t\t\t\t<\/div>\n\t\t\t\t<div class=\"elementor-element elementor-element-c28cb5e elementor-button-align-stretch elementor-widget elementor-widget-form\" data-id=\"c28cb5e\" data-element_type=\"widget\" data-settings=\"{&quot;step_next_label&quot;:&quot;\\u0130leri&quot;,&quot;step_previous_label&quot;:&quot;Geri&quot;,&quot;button_width&quot;:&quot;100&quot;,&quot;step_type&quot;:&quot;number_text&quot;,&quot;step_icon_shape&quot;:&quot;circle&quot;}\" data-widget_type=\"form.default\">\n\t\t\t\t<div class=\"elementor-widget-container\">\n\t\t\t\t\t<form class=\"elementor-form\" method=\"post\" name=\"New Form\">\n\t\t\t<input type=\"hidden\" name=\"post_id\" value=\"1766\"\/>\n\t\t\t<input type=\"hidden\" name=\"form_id\" value=\"c28cb5e\"\/>\n\t\t\t<input type=\"hidden\" name=\"referer_title\" value=\"\" \/>\n\n\t\t\t\n\t\t\t<div class=\"elementor-form-fields-wrapper elementor-labels-above\">\n\t\t\t\t\t\t\t\t<div class=\"elementor-field-type-text elementor-field-group elementor-column elementor-field-group-name elementor-col-100\">\n\t\t\t\t\t<input size=\"1\" type=\"text\" name=\"form_fields[name]\" id=\"form-field-name\" class=\"elementor-field elementor-size-sm  elementor-field-textual\" placeholder=\"Ad\u0131n\u0131z\">\t\t\t\t<\/div>\n\t\t\t\t\t\t\t\t<div class=\"elementor-field-type-email elementor-field-group elementor-column elementor-field-group-email elementor-col-100 elementor-field-required\">\n\t\t\t\t\t<input size=\"1\" type=\"email\" name=\"form_fields[email]\" id=\"form-field-email\" class=\"elementor-field elementor-size-sm  elementor-field-textual\" placeholder=\"Email Adresiniz\" required=\"required\" aria-required=\"true\">\t\t\t\t<\/div>\n\t\t\t\t\t\t\t\t<div class=\"elementor-field-type-tel elementor-field-group elementor-column elementor-field-group-field_5a6e3c3 elementor-col-100\">\n\t\t\t\t\t<input size=\"1\" type=\"tel\" name=\"form_fields[field_5a6e3c3]\" id=\"form-field-field_5a6e3c3\" class=\"elementor-field elementor-size-sm  elementor-field-textual\" placeholder=\"Telefon Numaran\u0131z\" pattern=\"[0-9()#&amp;+*-=.]+\" title=\"Only numbers and phone characters (#, -, *, etc) are accepted.\">\t\t\t\t<\/div>\n\t\t\t\t\t\t\t\t<div class=\"elementor-field-type-textarea elementor-field-group elementor-column elementor-field-group-message elementor-col-100\">\n\t\t\t\t\t<textarea class=\"elementor-field-textual elementor-field  elementor-size-sm\" name=\"form_fields[message]\" id=\"form-field-message\" rows=\"4\" placeholder=\"Firma Bilgileri ve Di\u011fer Detaylar\"><\/textarea>\t\t\t\t<\/div>\n\t\t\t\t\t\t\t\t<div class=\"elementor-field-group elementor-column elementor-field-type-submit elementor-col-100 e-form__buttons\">\n\t\t\t\t\t<button type=\"submit\" class=\"elementor-button elementor-size-sm\">\n\t\t\t\t\t\t<span >\n\t\t\t\t\t\t\t\t\t\t\t\t\t\t\t<span class=\" elementor-button-icon\">\n\t\t\t\t\t\t\t\t\t\t\t\t\t\t\t\t\t\t\t\t\t\t\t\t\t\t<\/span>\n\t\t\t\t\t\t\t\t\t\t\t\t\t\t\t\t\t\t\t\t\t\t<span class=\"elementor-button-text\">G\u00f6nder<\/span>\n\t\t\t\t\t\t\t\t\t\t\t\t\t<\/span>\n\t\t\t\t\t<\/button>\n\t\t\t\t<\/div>\n\t\t\t<\/div>\n\t\t<\/form>\n\t\t\t\t<\/div>\n\t\t\t\t<\/div>\n\t\t\t\t\t<\/div>\n\t\t<\/div>\n\t\t\t\t\t\t\t<\/div>\n\t\t<\/section>\n\t\t\t\t\t\t<\/div>\n\t\t\t\t\t<\/div>\n\t\t","protected":false},"excerpt":{"rendered":"<p>Logo TIGER 3 ENTERPRISE Kapsaml\u0131 \u00fcretim faaliyetleri olan orta ve b\u00fcy\u00fck \u00f6l\u00e7ekli i\u015fletmelere y\u00f6nelik Logo Tiger 3 Enterprise, s\u00fcre\u00e7leri kolayla\u015ft\u0131r\u0131p geni\u015f fonksiyon yelpazesiyle \u00fcretim s\u00fcre\u00e7lerindeki ihtiya\u00e7lar\u0131 etkili \u015fekilde kar\u015f\u0131layarak \u00fcretimde s\u00fcrd\u00fcr\u00fclebilir verimlilik sa\u011fl\u0131yor. Pratik ve uygun maliyetli y\u00f6netim\u00a0 \u00d6zellikle \u00fcretim yapan i\u015fletmelerin i\u015f s\u00fcre\u00e7lerine kalite ve verimlilik kazand\u0131ran Logo Tiger 3 Enterprise ERP, t\u00fcm operasyonlar\u0131n&hellip;<\/p>\n","protected":false},"author":1,"featured_media":442,"parent":0,"menu_order":10,"comment_status":"closed","ping_status":"closed","template":"elementor_header_footer","meta":[],"class_list":["post-1766","page","type-page","status-publish","has-post-thumbnail","hentry","description-off"],"_links":{"self":[{"href":"https:\/\/vegacomputer.com\/index.php\/wp-json\/wp\/v2\/pages\/1766","targetHints":{"allow":["GET"]}}],"collection":[{"href":"https:\/\/vegacomputer.com\/index.php\/wp-json\/wp\/v2\/pages"}],"about":[{"href":"https:\/\/vegacomputer.com\/index.php\/wp-json\/wp\/v2\/types\/page"}],"author":[{"embeddable":true,"href":"https:\/\/vegacomputer.com\/index.php\/wp-json\/wp\/v2\/users\/1"}],"replies":[{"embeddable":true,"href":"https:\/\/vegacomputer.com\/index.php\/wp-json\/wp\/v2\/comments?post=1766"}],"version-history":[{"count":5,"href":"https:\/\/vegacomputer.com\/index.php\/wp-json\/wp\/v2\/pages\/1766\/revisions"}],"predecessor-version":[{"id":1862,"href":"https:\/\/vegacomputer.com\/index.php\/wp-json\/wp\/v2\/pages\/1766\/revisions\/1862"}],"wp:featuredmedia":[{"embeddable":true,"href":"https:\/\/vegacomputer.com\/index.php\/wp-json\/wp\/v2\/media\/442"}],"wp:attachment":[{"href":"https:\/\/vegacomputer.com\/index.php\/wp-json\/wp\/v2\/media?parent=1766"}],"curies":[{"name":"wp","href":"https:\/\/api.w.org\/{rel}","templated":true}]}}