{"id":1765,"date":"2021-03-22T22:08:15","date_gmt":"2021-03-22T22:08:15","guid":{"rendered":"https:\/\/vegacomputer.com\/?page_id=1765"},"modified":"2021-04-12T13:11:27","modified_gmt":"2021-04-12T13:11:27","slug":"tiger-3-wings","status":"publish","type":"page","link":"https:\/\/vegacomputer.com\/index.php\/tiger-3-wings\/","title":{"rendered":"TIGER 3 WINGS"},"content":{"rendered":"\t\t<div data-elementor-type=\"wp-page\" data-elementor-id=\"1765\" class=\"elementor elementor-1765\" data-elementor-settings=\"[]\">\n\t\t\t\t\t\t\t<div class=\"elementor-section-wrap\">\n\t\t\t\t\t\t\t<section class=\"elementor-section elementor-top-section elementor-element elementor-element-3811f063 elementor-reverse-tablet elementor-reverse-mobile elementor-section-boxed elementor-section-height-default elementor-section-height-default\" data-id=\"3811f063\" data-element_type=\"section\">\n\t\t\t\t\t\t<div class=\"elementor-container elementor-column-gap-no\">\n\t\t\t\t\t<div class=\"elementor-column elementor-col-100 elementor-top-column elementor-element elementor-element-668fb0ac\" data-id=\"668fb0ac\" data-element_type=\"column\">\n\t\t\t<div class=\"elementor-widget-wrap elementor-element-populated\">\n\t\t\t\t\t\t\t\t<div class=\"elementor-element elementor-element-74d98ca1 elementor-widget elementor-widget-heading\" data-id=\"74d98ca1\" data-element_type=\"widget\" data-widget_type=\"heading.default\">\n\t\t\t\t<div class=\"elementor-widget-container\">\n\t\t\t<h2 class=\"elementor-heading-title elementor-size-default\">Logo TIGER 3 WINGS<\/h2>\t\t<\/div>\n\t\t\t\t<\/div>\n\t\t\t\t<div class=\"elementor-element elementor-element-2885fbf8 elementor-widget-divider--view-line elementor-widget elementor-widget-divider\" data-id=\"2885fbf8\" data-element_type=\"widget\" data-widget_type=\"divider.default\">\n\t\t\t\t<div class=\"elementor-widget-container\">\n\t\t\t\t\t<div class=\"elementor-divider\">\n\t\t\t<span class=\"elementor-divider-separator\">\n\t\t\t\t\t\t<\/span>\n\t\t<\/div>\n\t\t\t\t<\/div>\n\t\t\t\t<\/div>\n\t\t\t\t<div class=\"elementor-element elementor-element-70f182da elementor-widget elementor-widget-text-editor\" data-id=\"70f182da\" data-element_type=\"widget\" data-widget_type=\"text-editor.default\">\n\t\t\t\t<div class=\"elementor-widget-container\">\n\t\t\t\t\t<div class=\"elementor-text-editor elementor-clearfix\"><h3 class=\"sec-cap\">Logo Tiger Wings ERP, geni\u015f mod\u00fcler yap\u0131s\u0131 ve zengin fonksiyonlar\u0131yla orta ve b\u00fcy\u00fck \u00f6l\u00e7ekli i\u015fletmelerin i\u015f s\u00fcre\u00e7lerini iyile\u015ftirmenin yan\u0131 s\u0131ra web \u00fczerinden kullan\u0131m sayesinde s\u00fcrd\u00fcr\u00fclebilir verimlili\u011fi her an, her yerde destekliyor.\u00a0<\/h3><h3>Orta ve b\u00fcy\u00fck \u00f6l\u00e7ekli i\u015fletmeler i\u00e7in web \u00fczerinden \u00e7al\u0131\u015fan alt yap\u0131<\/h3><div class=\"formatted-text pr-short\"><p>Logo Tiger Wings, orta ve b\u00fcy\u00fck \u00f6l\u00e7ekli i\u015fletmelerin t\u00fcm faaliyetlerini tek noktadan, kolayca y\u00f6netmeyi sa\u011fl\u0131yor. Tedarik s\u00fcre\u00e7lerinden m\u00fc\u015fteri ili\u015fkileri y\u00f6netimine kadar t\u00fcm operasyonlar\u0131n merkezi ve tutarl\u0131 \u015fekilde ger\u00e7ekle\u015ftirilmesiyle i\u015f s\u00fcre\u00e7lerinde verimlilik elde ediliyor. \u00c7\u00f6z\u00fcm\u00fcn web \u00fczerinden \u00e7al\u0131\u015fan altyap\u0131s\u0131 ile\u00a0ilk kurulum maliyetlerini de \u00f6nemli \u00f6l\u00e7\u00fcde d\u00fc\u015f\u00fcr\u00fcyor. B\u00f6ylece i\u015fletmeler, gereksiz i\u015f y\u00fck\u00fcnden ve maliyetlerden kurtularak rekabet avantaj\u0131na ve inovasyona kaynak ay\u0131rabiliyor.<\/p><h3>Zamandan ve mekandan ba\u011f\u0131ms\u0131z<\/h3><p>Mobil cihazlar \u00fczerinden sisteme h\u0131zl\u0131 ve kolay bir \u015fekilde eri\u015fmeyi sa\u011flayan Logo Tiger Wings ile ERP zamandan ve mekandan ba\u011f\u0131ms\u0131z hale geliyor. Bilgilere anl\u0131k eri\u015fim, kullan\u0131c\u0131lar a\u00e7\u0131s\u0131ndan da \u00f6nemli zaman tasarrufu sa\u011fl\u0131yor. \u00a0<\/p><\/div><\/div>\n\t\t\t\t<\/div>\n\t\t\t\t<\/div>\n\t\t\t\t<div class=\"elementor-element elementor-element-4ba55d9 elementor-view-stacked elementor-shape-square elementor-position-left elementor-vertical-align-top elementor-widget elementor-widget-icon-box\" data-id=\"4ba55d9\" data-element_type=\"widget\" data-widget_type=\"icon-box.default\">\n\t\t\t\t<div class=\"elementor-widget-container\">\n\t\t\t\t\t<div class=\"elementor-icon-box-wrapper\">\n\t\t\t\t\t\t<div class=\"elementor-icon-box-icon\">\n\t\t\t\t<span class=\"elementor-icon elementor-animation-\" >\n\t\t\t\t<i aria-hidden=\"true\" class=\"fas fa-user-check\"><\/i>\t\t\t\t<\/span>\n\t\t\t<\/div>\n\t\t\t\t\t\t<div class=\"elementor-icon-box-content\">\n\t\t\t\t<h4 class=\"elementor-icon-box-title\">\n\t\t\t\t\t<span >Kullan\u0131c\u0131 deneyimiyle \u015fekillenen tasar\u0131m<\/span>\n\t\t\t\t<\/h4>\n\t\t\t\t\t\t\t\t<p class=\"elementor-icon-box-description\">Logo Tiger Wings, kullan\u0131c\u0131lardan gelen geri bildirimler do\u011frultusunda yenilenen aray\u00fcz\u00fcyle y\u00fcksek d\u00fczeyde kullan\u0131m kolayl\u0131\u011f\u0131 sunuyor. Arka plan \u00f6zelle\u015ftirmeleri, s\u00fcr\u00fckle-b\u0131rak \u00f6zelli\u011fiyle kolayca ki\u015fiselle\u015ftirilebilen masa\u00fcst\u00fc, t\u00fcm fonksiyonlar\u0131 tek noktadan g\u00f6r\u00fcnt\u00fcleme, i\u015flevsel arama butonu, d\u0131\u015f ba\u011flant\u0131lar\u0131n masa\u00fcst\u00fcne eklenebilmesi gibi \u00f6zelliklerle Logo Tiger Wings kullan\u0131m konforu a\u00e7\u0131s\u0131ndan fark yarat\u0131yor. <\/p>\n\t\t\t\t\t\t\t<\/div>\n\t\t<\/div>\n\t\t\t\t<\/div>\n\t\t\t\t<\/div>\n\t\t\t\t<div class=\"elementor-element elementor-element-f9fa86c elementor-view-stacked elementor-shape-square elementor-position-left elementor-vertical-align-top elementor-widget elementor-widget-icon-box\" data-id=\"f9fa86c\" data-element_type=\"widget\" data-widget_type=\"icon-box.default\">\n\t\t\t\t<div class=\"elementor-widget-container\">\n\t\t\t\t\t<div class=\"elementor-icon-box-wrapper\">\n\t\t\t\t\t\t<div class=\"elementor-icon-box-icon\">\n\t\t\t\t<span class=\"elementor-icon elementor-animation-\" >\n\t\t\t\t<i aria-hidden=\"true\" class=\"fas fa-check-double\"><\/i>\t\t\t\t<\/span>\n\t\t\t<\/div>\n\t\t\t\t\t\t<div class=\"elementor-icon-box-content\">\n\t\t\t\t<h4 class=\"elementor-icon-box-title\">\n\t\t\t\t\t<span >G\u00fc\u00e7l\u00fc finansal performans<\/span>\n\t\t\t\t<\/h4>\n\t\t\t\t\t\t\t\t<p class=\"elementor-icon-box-description\">Logo Tiger Wings, i\u00e7erdi\u011fi esnek d\u00f6viz sistemi ve raporlama yap\u0131s\u0131yla, sadece yerel de\u011fil, uluslararas\u0131 faaliyetleri olan i\u015fletmelere de g\u00fc\u00e7l\u00fc bir finansal performans i\u00e7in gerekli zemini kazand\u0131r\u0131yor. G\u00fcncel k\u00e2rl\u0131l\u0131k analizlerine ula\u015fma imkan\u0131 sa\u011flayan \u00e7\u00f6z\u00fcm, \u00f6deme ve tahsilat plan\u0131 tan\u0131mlar\u0131 ile her t\u00fcrl\u00fc ihtiyaca cevap verecek bir esneklik sunuyor. Belirlenen limit ve kurallar \u00e7er\u00e7evesinde risk takibi ve elektronik ortamda ihtar g\u00f6nderimi yap\u0131labiliyor; cari hesaplar i\u00e7in Ba-Bs mutabakatlar\u0131 da tek tu\u015fla haz\u0131rlan\u0131p yine elektronik ortamda g\u00f6nderilebiliyor. <\/p>\n\t\t\t\t\t\t\t<\/div>\n\t\t<\/div>\n\t\t\t\t<\/div>\n\t\t\t\t<\/div>\n\t\t\t\t<div class=\"elementor-element elementor-element-4392e95 elementor-view-stacked elementor-shape-square elementor-position-left elementor-vertical-align-top elementor-widget elementor-widget-icon-box\" data-id=\"4392e95\" data-element_type=\"widget\" data-widget_type=\"icon-box.default\">\n\t\t\t\t<div class=\"elementor-widget-container\">\n\t\t\t\t\t<div class=\"elementor-icon-box-wrapper\">\n\t\t\t\t\t\t<div class=\"elementor-icon-box-icon\">\n\t\t\t\t<span class=\"elementor-icon elementor-animation-\" >\n\t\t\t\t<i aria-hidden=\"true\" class=\"fas fa-chart-line\"><\/i>\t\t\t\t<\/span>\n\t\t\t<\/div>\n\t\t\t\t\t\t<div class=\"elementor-icon-box-content\">\n\t\t\t\t<h4 class=\"elementor-icon-box-title\">\n\t\t\t\t\t<span >Sipari\u015ften teslimata kadar entegre yap\u0131<\/span>\n\t\t\t\t<\/h4>\n\t\t\t\t\t\t\t\t<p class=\"elementor-icon-box-description\">Logo Tiger Wings ile sipari\u015f ve teslimat i\u00e7in gerekli olan t\u00fcm evraklar\u0131n olu\u015fturulmas\u0131ndan zaman\u0131nda teslimat yap\u0131lmas\u0131na kadar t\u00fcm s\u00fcre\u00e7 entegre bir \u015fekilde y\u00f6netilebiliyor. T\u00fcrk liras\u0131n\u0131n yan\u0131 s\u0131ra d\u00f6vizli fatura kesimi ve \u00f6demelerin d\u00f6vizli takibinin de sa\u011flanmas\u0131, yurt d\u0131\u015f\u0131 operasyonlar\u0131n\u0131 kayda de\u011fer oranda kolayla\u015ft\u0131r\u0131yor.<\/p>\n\t\t\t\t\t\t\t<\/div>\n\t\t<\/div>\n\t\t\t\t<\/div>\n\t\t\t\t<\/div>\n\t\t\t\t<div class=\"elementor-element elementor-element-699fb657 elementor-view-stacked elementor-shape-square elementor-position-left elementor-vertical-align-top elementor-widget elementor-widget-icon-box\" data-id=\"699fb657\" data-element_type=\"widget\" data-widget_type=\"icon-box.default\">\n\t\t\t\t<div class=\"elementor-widget-container\">\n\t\t\t\t\t<div class=\"elementor-icon-box-wrapper\">\n\t\t\t\t\t\t<div class=\"elementor-icon-box-icon\">\n\t\t\t\t<span class=\"elementor-icon elementor-animation-\" >\n\t\t\t\t<i aria-hidden=\"true\" class=\"fas fa-fire\"><\/i>\t\t\t\t<\/span>\n\t\t\t<\/div>\n\t\t\t\t\t\t<div class=\"elementor-icon-box-content\">\n\t\t\t\t<h4 class=\"elementor-icon-box-title\">\n\t\t\t\t\t<span >Mevzuata ve uluslararas\u0131 muhasebe standartlar\u0131na uyum<\/span>\n\t\t\t\t<\/h4>\n\t\t\t\t\t\t\t\t<p class=\"elementor-icon-box-description\">Logo Tiger Wings, operasyonel i\u015flemler ile muhasebe kay\u0131tlar\u0131 aras\u0131nda yer alan \u00e7ift y\u00f6nl\u00fc denetim \u00f6zelli\u011fiyle sistem tutarl\u0131l\u0131\u011f\u0131n\u0131 ve kullan\u0131c\u0131 hatalar\u0131n\u0131 asgari d\u00fczeye indiriyor. T\u00fcrk Ticaret Kanunu y\u00fck\u00fcml\u00fcl\u00fckleri kapsam\u0131nda, istenen d\u00f6neme ait finansal ve mali raporlama, T\u00fcrkiye Finansal Raporlama Standartlar\u0131na (TFRS) uygun \u015fekilde do\u011frudan sistem \u00fczerinde yap\u0131labiliyor. Genel muhasebe i\u015flemlerinde yer alan yerel ve raporlama d\u00f6vizi cinsinden finansal tablo ve raporlar bu konudaki t\u00fcm ihtiyac\u0131 kar\u015f\u0131larken, masraf merkezleri ve proje kartlar\u0131 da y\u00f6netimsel raporlama amac\u0131yla kullan\u0131labiliyor. Logo Tiger Wings\u2019in e-Beyanname se\u00e7enekleri ise haz\u0131rlanan beyannamelerin otomatik olarak Gelir \u0130daresi Ba\u015fkanl\u0131\u011f\u0131\u2019na g\u00f6nderilmesini sa\u011fl\u0131yor.<\/p>\n\t\t\t\t\t\t\t<\/div>\n\t\t<\/div>\n\t\t\t\t<\/div>\n\t\t\t\t<\/div>\n\t\t\t\t\t<\/div>\n\t\t<\/div>\n\t\t\t\t\t\t\t<\/div>\n\t\t<\/section>\n\t\t\t\t<section class=\"elementor-section elementor-top-section elementor-element elementor-element-f943c25 elementor-section-boxed elementor-section-height-default elementor-section-height-default\" data-id=\"f943c25\" data-element_type=\"section\">\n\t\t\t\t\t\t<div class=\"elementor-container elementor-column-gap-default\">\n\t\t\t\t\t<div class=\"elementor-column elementor-col-33 elementor-top-column elementor-element elementor-element-21369f2\" data-id=\"21369f2\" data-element_type=\"column\">\n\t\t\t<div class=\"elementor-widget-wrap\">\n\t\t\t\t\t\t\t\t\t<\/div>\n\t\t<\/div>\n\t\t\t\t<div class=\"elementor-column elementor-col-33 elementor-top-column elementor-element elementor-element-a02de7a\" data-id=\"a02de7a\" data-element_type=\"column\">\n\t\t\t<div class=\"elementor-widget-wrap elementor-element-populated\">\n\t\t\t\t\t\t\t\t<div class=\"elementor-element elementor-element-3069c90 elementor-aspect-ratio-169 elementor-widget elementor-widget-video\" data-id=\"3069c90\" data-element_type=\"widget\" data-settings=\"{&quot;youtube_url&quot;:&quot;https:\\\/\\\/www.youtube.com\\\/watch?v=2eCXOlEC8lY&amp;feature=emb_logo&quot;,&quot;lazy_load&quot;:&quot;yes&quot;,&quot;video_type&quot;:&quot;youtube&quot;,&quot;controls&quot;:&quot;yes&quot;,&quot;aspect_ratio&quot;:&quot;169&quot;}\" data-widget_type=\"video.default\">\n\t\t\t\t<div class=\"elementor-widget-container\">\n\t\t\t\t\t<div class=\"elementor-wrapper elementor-fit-aspect-ratio elementor-open-inline\">\n\t\t\t<div class=\"elementor-video\"><\/div>\t\t<\/div>\n\t\t\t\t<\/div>\n\t\t\t\t<\/div>\n\t\t\t\t\t<\/div>\n\t\t<\/div>\n\t\t\t\t<div class=\"elementor-column elementor-col-33 elementor-top-column elementor-element elementor-element-4d577a0\" data-id=\"4d577a0\" data-element_type=\"column\">\n\t\t\t<div class=\"elementor-widget-wrap\">\n\t\t\t\t\t\t\t\t\t<\/div>\n\t\t<\/div>\n\t\t\t\t\t\t\t<\/div>\n\t\t<\/section>\n\t\t\t\t<section class=\"elementor-section elementor-top-section elementor-element elementor-element-d7e47cf elementor-section-boxed elementor-section-height-default elementor-section-height-default\" data-id=\"d7e47cf\" data-element_type=\"section\">\n\t\t\t\t\t\t<div class=\"elementor-container elementor-column-gap-default\">\n\t\t\t\t\t<div class=\"elementor-column elementor-col-100 elementor-top-column elementor-element elementor-element-e24081d\" data-id=\"e24081d\" data-element_type=\"column\">\n\t\t\t<div class=\"elementor-widget-wrap elementor-element-populated\">\n\t\t\t\t\t\t\t\t<div class=\"elementor-element elementor-element-c9cd6e6 elementor-widget elementor-widget-heading\" data-id=\"c9cd6e6\" data-element_type=\"widget\" data-widget_type=\"heading.default\">\n\t\t\t\t<div class=\"elementor-widget-container\">\n\t\t\t<h2 class=\"elementor-heading-title elementor-size-default\">TEKL\u0130F ALIN<\/h2>\t\t<\/div>\n\t\t\t\t<\/div>\n\t\t\t\t<div class=\"elementor-element elementor-element-c28cb5e elementor-button-align-stretch elementor-widget elementor-widget-form\" data-id=\"c28cb5e\" data-element_type=\"widget\" data-settings=\"{&quot;step_next_label&quot;:&quot;\\u0130leri&quot;,&quot;step_previous_label&quot;:&quot;Geri&quot;,&quot;button_width&quot;:&quot;100&quot;,&quot;step_type&quot;:&quot;number_text&quot;,&quot;step_icon_shape&quot;:&quot;circle&quot;}\" data-widget_type=\"form.default\">\n\t\t\t\t<div class=\"elementor-widget-container\">\n\t\t\t\t\t<form class=\"elementor-form\" method=\"post\" name=\"New Form\">\n\t\t\t<input type=\"hidden\" name=\"post_id\" value=\"1765\"\/>\n\t\t\t<input type=\"hidden\" name=\"form_id\" value=\"c28cb5e\"\/>\n\t\t\t<input type=\"hidden\" name=\"referer_title\" value=\"\" \/>\n\n\t\t\t\n\t\t\t<div class=\"elementor-form-fields-wrapper elementor-labels-above\">\n\t\t\t\t\t\t\t\t<div class=\"elementor-field-type-text elementor-field-group elementor-column elementor-field-group-name elementor-col-100\">\n\t\t\t\t\t<input size=\"1\" type=\"text\" name=\"form_fields[name]\" id=\"form-field-name\" class=\"elementor-field elementor-size-sm  elementor-field-textual\" placeholder=\"Ad\u0131n\u0131z\">\t\t\t\t<\/div>\n\t\t\t\t\t\t\t\t<div class=\"elementor-field-type-email elementor-field-group elementor-column elementor-field-group-email elementor-col-100 elementor-field-required\">\n\t\t\t\t\t<input size=\"1\" type=\"email\" name=\"form_fields[email]\" id=\"form-field-email\" class=\"elementor-field elementor-size-sm  elementor-field-textual\" placeholder=\"Email Adresiniz\" required=\"required\" aria-required=\"true\">\t\t\t\t<\/div>\n\t\t\t\t\t\t\t\t<div class=\"elementor-field-type-tel elementor-field-group elementor-column elementor-field-group-field_5a6e3c3 elementor-col-100\">\n\t\t\t\t\t<input size=\"1\" type=\"tel\" name=\"form_fields[field_5a6e3c3]\" id=\"form-field-field_5a6e3c3\" class=\"elementor-field elementor-size-sm  elementor-field-textual\" placeholder=\"Telefon Numaran\u0131z\" pattern=\"[0-9()#&amp;+*-=.]+\" title=\"Only numbers and phone characters (#, -, *, etc) are accepted.\">\t\t\t\t<\/div>\n\t\t\t\t\t\t\t\t<div class=\"elementor-field-type-textarea elementor-field-group elementor-column elementor-field-group-message elementor-col-100\">\n\t\t\t\t\t<textarea class=\"elementor-field-textual elementor-field  elementor-size-sm\" name=\"form_fields[message]\" id=\"form-field-message\" rows=\"4\" placeholder=\"Firma Bilgileri ve Di\u011fer Detaylar\"><\/textarea>\t\t\t\t<\/div>\n\t\t\t\t\t\t\t\t<div class=\"elementor-field-group elementor-column elementor-field-type-submit elementor-col-100 e-form__buttons\">\n\t\t\t\t\t<button type=\"submit\" class=\"elementor-button elementor-size-sm\">\n\t\t\t\t\t\t<span >\n\t\t\t\t\t\t\t\t\t\t\t\t\t\t\t<span class=\" elementor-button-icon\">\n\t\t\t\t\t\t\t\t\t\t\t\t\t\t\t\t\t\t\t\t\t\t\t\t\t\t<\/span>\n\t\t\t\t\t\t\t\t\t\t\t\t\t\t\t\t\t\t\t\t\t\t<span class=\"elementor-button-text\">G\u00f6nder<\/span>\n\t\t\t\t\t\t\t\t\t\t\t\t\t<\/span>\n\t\t\t\t\t<\/button>\n\t\t\t\t<\/div>\n\t\t\t<\/div>\n\t\t<\/form>\n\t\t\t\t<\/div>\n\t\t\t\t<\/div>\n\t\t\t\t\t<\/div>\n\t\t<\/div>\n\t\t\t\t\t\t\t<\/div>\n\t\t<\/section>\n\t\t\t\t\t\t<\/div>\n\t\t\t\t\t<\/div>\n\t\t","protected":false},"excerpt":{"rendered":"<p>Logo TIGER 3 WINGS Logo Tiger Wings ERP, geni\u015f mod\u00fcler yap\u0131s\u0131 ve zengin fonksiyonlar\u0131yla orta ve b\u00fcy\u00fck \u00f6l\u00e7ekli i\u015fletmelerin i\u015f s\u00fcre\u00e7lerini iyile\u015ftirmenin yan\u0131 s\u0131ra web \u00fczerinden kullan\u0131m sayesinde s\u00fcrd\u00fcr\u00fclebilir verimlili\u011fi her an, her yerde destekliyor.\u00a0 Orta ve b\u00fcy\u00fck \u00f6l\u00e7ekli i\u015fletmeler i\u00e7in web \u00fczerinden \u00e7al\u0131\u015fan alt yap\u0131 Logo Tiger Wings, orta ve b\u00fcy\u00fck \u00f6l\u00e7ekli i\u015fletmelerin t\u00fcm&hellip;<\/p>\n","protected":false},"author":1,"featured_media":442,"parent":0,"menu_order":10,"comment_status":"closed","ping_status":"closed","template":"elementor_header_footer","meta":[],"class_list":["post-1765","page","type-page","status-publish","has-post-thumbnail","hentry","description-off"],"_links":{"self":[{"href":"https:\/\/vegacomputer.com\/index.php\/wp-json\/wp\/v2\/pages\/1765","targetHints":{"allow":["GET"]}}],"collection":[{"href":"https:\/\/vegacomputer.com\/index.php\/wp-json\/wp\/v2\/pages"}],"about":[{"href":"https:\/\/vegacomputer.com\/index.php\/wp-json\/wp\/v2\/types\/page"}],"author":[{"embeddable":true,"href":"https:\/\/vegacomputer.com\/index.php\/wp-json\/wp\/v2\/users\/1"}],"replies":[{"embeddable":true,"href":"https:\/\/vegacomputer.com\/index.php\/wp-json\/wp\/v2\/comments?post=1765"}],"version-history":[{"count":5,"href":"https:\/\/vegacomputer.com\/index.php\/wp-json\/wp\/v2\/pages\/1765\/revisions"}],"predecessor-version":[{"id":1865,"href":"https:\/\/vegacomputer.com\/index.php\/wp-json\/wp\/v2\/pages\/1765\/revisions\/1865"}],"wp:featuredmedia":[{"embeddable":true,"href":"https:\/\/vegacomputer.com\/index.php\/wp-json\/wp\/v2\/media\/442"}],"wp:attachment":[{"href":"https:\/\/vegacomputer.com\/index.php\/wp-json\/wp\/v2\/media?parent=1765"}],"curies":[{"name":"wp","href":"https:\/\/api.w.org\/{rel}","templated":true}]}}