{"id":1763,"date":"2021-03-22T22:08:07","date_gmt":"2021-03-22T22:08:07","guid":{"rendered":"https:\/\/vegacomputer.com\/?page_id=1763"},"modified":"2021-04-12T12:31:56","modified_gmt":"2021-04-12T12:31:56","slug":"e-fatura-link","status":"publish","type":"page","link":"https:\/\/vegacomputer.com\/index.php\/e-fatura-link\/","title":{"rendered":"E-FATURA"},"content":{"rendered":"\t\t<div data-elementor-type=\"wp-page\" data-elementor-id=\"1763\" class=\"elementor elementor-1763\" data-elementor-settings=\"[]\">\n\t\t\t\t\t\t\t<div class=\"elementor-section-wrap\">\n\t\t\t\t\t\t\t<section class=\"elementor-section elementor-top-section elementor-element elementor-element-3811f063 elementor-reverse-tablet elementor-reverse-mobile elementor-section-boxed elementor-section-height-default elementor-section-height-default\" data-id=\"3811f063\" data-element_type=\"section\">\n\t\t\t\t\t\t<div class=\"elementor-container elementor-column-gap-no\">\n\t\t\t\t\t<div class=\"elementor-column elementor-col-100 elementor-top-column elementor-element elementor-element-668fb0ac\" data-id=\"668fb0ac\" data-element_type=\"column\">\n\t\t\t<div class=\"elementor-widget-wrap elementor-element-populated\">\n\t\t\t\t\t\t\t\t<div class=\"elementor-element elementor-element-74d98ca1 elementor-widget elementor-widget-heading\" data-id=\"74d98ca1\" data-element_type=\"widget\" data-widget_type=\"heading.default\">\n\t\t\t\t<div class=\"elementor-widget-container\">\n\t\t\t<h2 class=\"elementor-heading-title elementor-size-default\">Logo E-FATURA<\/h2>\t\t<\/div>\n\t\t\t\t<\/div>\n\t\t\t\t<div class=\"elementor-element elementor-element-2885fbf8 elementor-widget-divider--view-line elementor-widget elementor-widget-divider\" data-id=\"2885fbf8\" data-element_type=\"widget\" data-widget_type=\"divider.default\">\n\t\t\t\t<div class=\"elementor-widget-container\">\n\t\t\t\t\t<div class=\"elementor-divider\">\n\t\t\t<span class=\"elementor-divider-separator\">\n\t\t\t\t\t\t<\/span>\n\t\t<\/div>\n\t\t\t\t<\/div>\n\t\t\t\t<\/div>\n\t\t\t\t<div class=\"elementor-element elementor-element-70f182da elementor-widget elementor-widget-text-editor\" data-id=\"70f182da\" data-element_type=\"widget\" data-widget_type=\"text-editor.default\">\n\t\t\t\t<div class=\"elementor-widget-container\">\n\t\t\t\t\t<div class=\"elementor-text-editor elementor-clearfix\"><h3 class=\"sec-cap\">Gelir \u0130daresi Ba\u015fkanl\u0131\u011f\u0131&#8217;n\u0131n belirledi\u011fi standartlara uygun olarak geli\u015ftirilen e-Fatura \u00e7\u00f6z\u00fcmleri, faturalar\u0131n dola\u015f\u0131m\u0131n\u0131n\u00a0dijital ortamda g\u00fcvenle ve h\u0131zla ger\u00e7ekle\u015fmesini sa\u011fl\u0131yor.\u00a0<\/h3><h3>Mevzuata uyumluluk \u00a0<\/h3><div class=\"formatted-text pr-short\"><p>e-Fatura \u00e7\u00f6z\u00fcmleri, Gelir \u0130daresi Ba\u015fkanl\u0131\u011f\u0131&#8217;n\u0131n belirledi\u011fi standartlara uygun olarak UBL-TR standard\u0131nda ve elektronik belge olarak d\u00fczenlenen faturalar\u0131n, belirlenen veri aktar\u0131m protokol\u00fc arac\u0131l\u0131\u011f\u0131 ile g\u00f6nderen taraftan al\u0131c\u0131 tarafa iletimini sa\u011fl\u0131yor. Faturalar\u0131n elektronik belge olarak d\u00fczenlenmesi, iletilmesi ve muhafaza ve ibraz edilmesine ili\u015fkin yasal \u00e7er\u00e7eve do\u011frultusunda, e-Fatura ile d\u00fczenlenen faturalar, ka\u011f\u0131t fatura ile ayn\u0131 hukuki niteliklere sahip bulunuyor. Anonim, Limited, Ger\u00e7ek ve \u015eah\u0131s \u015firketi stat\u00fcs\u00fcnde bulunan m\u00fckellefler, e-Fatura uygulamas\u0131ndan yararlanabiliyor.\u00a0<\/p><h3>Daha y\u00fcksek h\u0131z, daha d\u00fc\u015f\u00fck maliyet \u00a0<\/h3><p>e-Fatura \u00e7\u00f6z\u00fcmleriyle faturalar\u0131n\u0131 dijital ortama ta\u015f\u0131yan i\u015fletmeler \u00f6deme ve tahsilat\u00a0s\u00fcre\u00e7lerinde h\u0131z ve verimlilik art\u0131\u015f\u0131 elde ediyor. Ayr\u0131ca ka\u011f\u0131t faturalar\u0131n bas\u0131m\u0131, g\u00f6nderimi ve saklanmas\u0131 gibi i\u015flemlerden kaynaklanan maliyetler de ortadan kalk\u0131yor.\u00a0<\/p><\/div><\/div>\n\t\t\t\t<\/div>\n\t\t\t\t<\/div>\n\t\t\t\t<div class=\"elementor-element elementor-element-4ba55d9 elementor-view-stacked elementor-shape-square elementor-position-left elementor-vertical-align-top elementor-widget elementor-widget-icon-box\" data-id=\"4ba55d9\" data-element_type=\"widget\" data-widget_type=\"icon-box.default\">\n\t\t\t\t<div class=\"elementor-widget-container\">\n\t\t\t\t\t<div class=\"elementor-icon-box-wrapper\">\n\t\t\t\t\t\t<div class=\"elementor-icon-box-icon\">\n\t\t\t\t<span class=\"elementor-icon elementor-animation-\" >\n\t\t\t\t<i aria-hidden=\"true\" class=\"fas fa-user-check\"><\/i>\t\t\t\t<\/span>\n\t\t\t<\/div>\n\t\t\t\t\t\t<div class=\"elementor-icon-box-content\">\n\t\t\t\t<h4 class=\"elementor-icon-box-title\">\n\t\t\t\t\t<span >H\u0131zl\u0131 uygulama ve g\u00fcvenli kullan\u0131m<\/span>\n\t\t\t\t<\/h4>\n\t\t\t\t\t\t\t\t<p class=\"elementor-icon-box-description\">e-Fatura \u00e7\u00f6z\u00fcmleri, fatura ve muhasebe s\u00fcre\u00e7lerine \u00f6nemli \u00f6l\u00e7\u00fcde h\u0131z kazand\u0131rman\u0131n yan\u0131 s\u0131ra, elektronik ortamda kesilmi\u015f ve ar\u015fivlenmi\u015f faturalara da kolayca ula\u015fma imkan\u0131 veriyor. <\/p>\n\t\t\t\t\t\t\t<\/div>\n\t\t<\/div>\n\t\t\t\t<\/div>\n\t\t\t\t<\/div>\n\t\t\t\t<div class=\"elementor-element elementor-element-f9fa86c elementor-view-stacked elementor-shape-square elementor-position-left elementor-vertical-align-top elementor-widget elementor-widget-icon-box\" data-id=\"f9fa86c\" data-element_type=\"widget\" data-widget_type=\"icon-box.default\">\n\t\t\t\t<div class=\"elementor-widget-container\">\n\t\t\t\t\t<div class=\"elementor-icon-box-wrapper\">\n\t\t\t\t\t\t<div class=\"elementor-icon-box-icon\">\n\t\t\t\t<span class=\"elementor-icon elementor-animation-\" >\n\t\t\t\t<i aria-hidden=\"true\" class=\"fas fa-check-double\"><\/i>\t\t\t\t<\/span>\n\t\t\t<\/div>\n\t\t\t\t\t\t<div class=\"elementor-icon-box-content\">\n\t\t\t\t<h4 class=\"elementor-icon-box-title\">\n\t\t\t\t\t<span >Kolay entegrasyon<\/span>\n\t\t\t\t<\/h4>\n\t\t\t\t\t\t\t\t<p class=\"elementor-icon-box-description\">e-Fatura uygulamas\u0131, standartlara uygun entegrasyon sayesinde Gelir \u0130daresi Ba\u015fkanl\u0131\u011f\u0131'n\u0131n sistemine entegre oluyor ve b\u00f6ylece e-faturalar\u0131n al\u0131m ve iletim i\u015flemleri otomatize ediliyor. e-Fatura \u00e7\u00f6z\u00fcmleri ayn\u0131 zamanda i\u015fletmelerde kullan\u0131lmakta olan di\u011fer yaz\u0131l\u0131mlar, sistemler ve i\u015fletmenin genel i\u015f s\u00fcre\u00e7lerine de kolayca entegre edilebiliyor. <\/p>\n\t\t\t\t\t\t\t<\/div>\n\t\t<\/div>\n\t\t\t\t<\/div>\n\t\t\t\t<\/div>\n\t\t\t\t<div class=\"elementor-element elementor-element-4392e95 elementor-view-stacked elementor-shape-square elementor-position-left elementor-vertical-align-top elementor-widget elementor-widget-icon-box\" data-id=\"4392e95\" data-element_type=\"widget\" data-widget_type=\"icon-box.default\">\n\t\t\t\t<div class=\"elementor-widget-container\">\n\t\t\t\t\t<div class=\"elementor-icon-box-wrapper\">\n\t\t\t\t\t\t<div class=\"elementor-icon-box-icon\">\n\t\t\t\t<span class=\"elementor-icon elementor-animation-\" >\n\t\t\t\t<i aria-hidden=\"true\" class=\"fas fa-chart-line\"><\/i>\t\t\t\t<\/span>\n\t\t\t<\/div>\n\t\t\t\t\t\t<div class=\"elementor-icon-box-content\">\n\t\t\t\t<h4 class=\"elementor-icon-box-title\">\n\t\t\t\t\t<span >S\u0131n\u0131rs\u0131z yetkilendirme<\/span>\n\t\t\t\t<\/h4>\n\t\t\t\t\t\t\t\t<p class=\"elementor-icon-box-description\">e-Fatura \u00e7\u00f6z\u00fcmlerinde s\u0131n\u0131rs\u0131z say\u0131da kullan\u0131c\u0131ya yetkilendirme yap\u0131labiliyor. B\u00f6ylece, her kullan\u0131c\u0131ya yetkisi dahilinde eri\u015fim imkan\u0131 veriliyor.  <\/p>\n\t\t\t\t\t\t\t<\/div>\n\t\t<\/div>\n\t\t\t\t<\/div>\n\t\t\t\t<\/div>\n\t\t\t\t<div class=\"elementor-element elementor-element-699fb657 elementor-view-stacked elementor-shape-square elementor-position-left elementor-vertical-align-top elementor-widget elementor-widget-icon-box\" data-id=\"699fb657\" data-element_type=\"widget\" data-widget_type=\"icon-box.default\">\n\t\t\t\t<div class=\"elementor-widget-container\">\n\t\t\t\t\t<div class=\"elementor-icon-box-wrapper\">\n\t\t\t\t\t\t<div class=\"elementor-icon-box-icon\">\n\t\t\t\t<span class=\"elementor-icon elementor-animation-\" >\n\t\t\t\t<i aria-hidden=\"true\" class=\"fas fa-fire\"><\/i>\t\t\t\t<\/span>\n\t\t\t<\/div>\n\t\t\t\t\t\t<div class=\"elementor-icon-box-content\">\n\t\t\t\t<h4 class=\"elementor-icon-box-title\">\n\t\t\t\t\t<span >\u00d6deme kaydedici cihaz maliyetinden tasarruf<\/span>\n\t\t\t\t<\/h4>\n\t\t\t\t\t\t\t\t<p class=\"elementor-icon-box-description\">T\u00fcm sat\u0131\u015flar\u0131nda e-Fatura \u00e7\u00f6z\u00fcm\u00fcn\u00fc kullanan i\u015fletmeler, \u00f6deme kaydedici cihaz (\u00d6KC) kullanma zorunlulu\u011fu olmad\u0131\u011f\u0131 i\u00e7in maliyet avantaj\u0131 elde ediyor. <\/p>\n\t\t\t\t\t\t\t<\/div>\n\t\t<\/div>\n\t\t\t\t<\/div>\n\t\t\t\t<\/div>\n\t\t\t\t\t<\/div>\n\t\t<\/div>\n\t\t\t\t\t\t\t<\/div>\n\t\t<\/section>\n\t\t\t\t<section class=\"elementor-section elementor-top-section elementor-element elementor-element-f943c25 elementor-section-boxed elementor-section-height-default elementor-section-height-default\" data-id=\"f943c25\" data-element_type=\"section\">\n\t\t\t\t\t\t<div class=\"elementor-container elementor-column-gap-default\">\n\t\t\t\t\t<div class=\"elementor-column elementor-col-33 elementor-top-column elementor-element elementor-element-21369f2\" data-id=\"21369f2\" data-element_type=\"column\">\n\t\t\t<div class=\"elementor-widget-wrap\">\n\t\t\t\t\t\t\t\t\t<\/div>\n\t\t<\/div>\n\t\t\t\t<div class=\"elementor-column elementor-col-33 elementor-top-column elementor-element elementor-element-a02de7a\" data-id=\"a02de7a\" data-element_type=\"column\">\n\t\t\t<div class=\"elementor-widget-wrap elementor-element-populated\">\n\t\t\t\t\t\t\t\t<div class=\"elementor-element elementor-element-3069c90 elementor-aspect-ratio-169 elementor-widget elementor-widget-video\" data-id=\"3069c90\" data-element_type=\"widget\" data-settings=\"{&quot;youtube_url&quot;:&quot;https:\\\/\\\/www.youtube.com\\\/watch?v=jrM2W7aPRPk&amp;feature=emb_logo&quot;,&quot;lazy_load&quot;:&quot;yes&quot;,&quot;video_type&quot;:&quot;youtube&quot;,&quot;controls&quot;:&quot;yes&quot;,&quot;aspect_ratio&quot;:&quot;169&quot;}\" data-widget_type=\"video.default\">\n\t\t\t\t<div class=\"elementor-widget-container\">\n\t\t\t\t\t<div class=\"elementor-wrapper elementor-fit-aspect-ratio elementor-open-inline\">\n\t\t\t<div class=\"elementor-video\"><\/div>\t\t<\/div>\n\t\t\t\t<\/div>\n\t\t\t\t<\/div>\n\t\t\t\t\t<\/div>\n\t\t<\/div>\n\t\t\t\t<div class=\"elementor-column elementor-col-33 elementor-top-column elementor-element elementor-element-4d577a0\" data-id=\"4d577a0\" data-element_type=\"column\">\n\t\t\t<div class=\"elementor-widget-wrap\">\n\t\t\t\t\t\t\t\t\t<\/div>\n\t\t<\/div>\n\t\t\t\t\t\t\t<\/div>\n\t\t<\/section>\n\t\t\t\t<section class=\"elementor-section elementor-top-section elementor-element elementor-element-d7e47cf elementor-section-boxed elementor-section-height-default elementor-section-height-default\" data-id=\"d7e47cf\" data-element_type=\"section\">\n\t\t\t\t\t\t<div class=\"elementor-container elementor-column-gap-default\">\n\t\t\t\t\t<div class=\"elementor-column elementor-col-100 elementor-top-column elementor-element elementor-element-e24081d\" data-id=\"e24081d\" data-element_type=\"column\">\n\t\t\t<div class=\"elementor-widget-wrap elementor-element-populated\">\n\t\t\t\t\t\t\t\t<div class=\"elementor-element elementor-element-c9cd6e6 elementor-widget elementor-widget-heading\" data-id=\"c9cd6e6\" data-element_type=\"widget\" data-widget_type=\"heading.default\">\n\t\t\t\t<div class=\"elementor-widget-container\">\n\t\t\t<h2 class=\"elementor-heading-title elementor-size-default\">TEKL\u0130F ALIN<\/h2>\t\t<\/div>\n\t\t\t\t<\/div>\n\t\t\t\t<div class=\"elementor-element elementor-element-c28cb5e elementor-button-align-stretch elementor-widget elementor-widget-form\" data-id=\"c28cb5e\" data-element_type=\"widget\" data-settings=\"{&quot;step_next_label&quot;:&quot;\\u0130leri&quot;,&quot;step_previous_label&quot;:&quot;Geri&quot;,&quot;button_width&quot;:&quot;100&quot;,&quot;step_type&quot;:&quot;number_text&quot;,&quot;step_icon_shape&quot;:&quot;circle&quot;}\" data-widget_type=\"form.default\">\n\t\t\t\t<div class=\"elementor-widget-container\">\n\t\t\t\t\t<form class=\"elementor-form\" method=\"post\" name=\"New Form\">\n\t\t\t<input type=\"hidden\" name=\"post_id\" value=\"1763\"\/>\n\t\t\t<input type=\"hidden\" name=\"form_id\" value=\"c28cb5e\"\/>\n\t\t\t<input type=\"hidden\" name=\"referer_title\" value=\"\" \/>\n\n\t\t\t\n\t\t\t<div class=\"elementor-form-fields-wrapper elementor-labels-above\">\n\t\t\t\t\t\t\t\t<div class=\"elementor-field-type-text elementor-field-group elementor-column elementor-field-group-name elementor-col-100\">\n\t\t\t\t\t<input size=\"1\" type=\"text\" name=\"form_fields[name]\" id=\"form-field-name\" class=\"elementor-field elementor-size-sm  elementor-field-textual\" placeholder=\"Ad\u0131n\u0131z\">\t\t\t\t<\/div>\n\t\t\t\t\t\t\t\t<div class=\"elementor-field-type-email elementor-field-group elementor-column elementor-field-group-email elementor-col-100 elementor-field-required\">\n\t\t\t\t\t<input size=\"1\" type=\"email\" name=\"form_fields[email]\" id=\"form-field-email\" class=\"elementor-field elementor-size-sm  elementor-field-textual\" placeholder=\"Email Adresiniz\" required=\"required\" aria-required=\"true\">\t\t\t\t<\/div>\n\t\t\t\t\t\t\t\t<div class=\"elementor-field-type-tel elementor-field-group elementor-column elementor-field-group-field_5a6e3c3 elementor-col-100\">\n\t\t\t\t\t<input size=\"1\" type=\"tel\" name=\"form_fields[field_5a6e3c3]\" id=\"form-field-field_5a6e3c3\" class=\"elementor-field elementor-size-sm  elementor-field-textual\" placeholder=\"Telefon Numaran\u0131z\" pattern=\"[0-9()#&amp;+*-=.]+\" title=\"Only numbers and phone characters (#, -, *, etc) are accepted.\">\t\t\t\t<\/div>\n\t\t\t\t\t\t\t\t<div class=\"elementor-field-type-textarea elementor-field-group elementor-column elementor-field-group-message elementor-col-100\">\n\t\t\t\t\t<textarea class=\"elementor-field-textual elementor-field  elementor-size-sm\" name=\"form_fields[message]\" id=\"form-field-message\" rows=\"4\" placeholder=\"Firma Bilgileri ve Di\u011fer Detaylar\"><\/textarea>\t\t\t\t<\/div>\n\t\t\t\t\t\t\t\t<div class=\"elementor-field-group elementor-column elementor-field-type-submit elementor-col-100 e-form__buttons\">\n\t\t\t\t\t<button type=\"submit\" class=\"elementor-button elementor-size-sm\">\n\t\t\t\t\t\t<span >\n\t\t\t\t\t\t\t\t\t\t\t\t\t\t\t<span class=\" elementor-button-icon\">\n\t\t\t\t\t\t\t\t\t\t\t\t\t\t\t\t\t\t\t\t\t\t\t\t\t\t<\/span>\n\t\t\t\t\t\t\t\t\t\t\t\t\t\t\t\t\t\t\t\t\t\t<span class=\"elementor-button-text\">G\u00f6nder<\/span>\n\t\t\t\t\t\t\t\t\t\t\t\t\t<\/span>\n\t\t\t\t\t<\/button>\n\t\t\t\t<\/div>\n\t\t\t<\/div>\n\t\t<\/form>\n\t\t\t\t<\/div>\n\t\t\t\t<\/div>\n\t\t\t\t\t<\/div>\n\t\t<\/div>\n\t\t\t\t\t\t\t<\/div>\n\t\t<\/section>\n\t\t\t\t\t\t<\/div>\n\t\t\t\t\t<\/div>\n\t\t","protected":false},"excerpt":{"rendered":"<p>Logo E-FATURA Gelir \u0130daresi Ba\u015fkanl\u0131\u011f\u0131&#8217;n\u0131n belirledi\u011fi standartlara uygun olarak geli\u015ftirilen e-Fatura \u00e7\u00f6z\u00fcmleri, faturalar\u0131n dola\u015f\u0131m\u0131n\u0131n\u00a0dijital ortamda g\u00fcvenle ve h\u0131zla ger\u00e7ekle\u015fmesini sa\u011fl\u0131yor.\u00a0 Mevzuata uyumluluk \u00a0 e-Fatura \u00e7\u00f6z\u00fcmleri, Gelir \u0130daresi Ba\u015fkanl\u0131\u011f\u0131&#8217;n\u0131n belirledi\u011fi standartlara uygun olarak UBL-TR standard\u0131nda ve elektronik belge olarak d\u00fczenlenen faturalar\u0131n, belirlenen veri aktar\u0131m protokol\u00fc arac\u0131l\u0131\u011f\u0131 ile g\u00f6nderen taraftan al\u0131c\u0131 tarafa iletimini sa\u011fl\u0131yor. Faturalar\u0131n elektronik belge&hellip;<\/p>\n","protected":false},"author":1,"featured_media":442,"parent":0,"menu_order":10,"comment_status":"closed","ping_status":"closed","template":"elementor_header_footer","meta":[],"class_list":["post-1763","page","type-page","status-publish","has-post-thumbnail","hentry","description-off"],"_links":{"self":[{"href":"https:\/\/vegacomputer.com\/index.php\/wp-json\/wp\/v2\/pages\/1763","targetHints":{"allow":["GET"]}}],"collection":[{"href":"https:\/\/vegacomputer.com\/index.php\/wp-json\/wp\/v2\/pages"}],"about":[{"href":"https:\/\/vegacomputer.com\/index.php\/wp-json\/wp\/v2\/types\/page"}],"author":[{"embeddable":true,"href":"https:\/\/vegacomputer.com\/index.php\/wp-json\/wp\/v2\/users\/1"}],"replies":[{"embeddable":true,"href":"https:\/\/vegacomputer.com\/index.php\/wp-json\/wp\/v2\/comments?post=1763"}],"version-history":[{"count":9,"href":"https:\/\/vegacomputer.com\/index.php\/wp-json\/wp\/v2\/pages\/1763\/revisions"}],"predecessor-version":[{"id":1843,"href":"https:\/\/vegacomputer.com\/index.php\/wp-json\/wp\/v2\/pages\/1763\/revisions\/1843"}],"wp:featuredmedia":[{"embeddable":true,"href":"https:\/\/vegacomputer.com\/index.php\/wp-json\/wp\/v2\/media\/442"}],"wp:attachment":[{"href":"https:\/\/vegacomputer.com\/index.php\/wp-json\/wp\/v2\/media?parent=1763"}],"curies":[{"name":"wp","href":"https:\/\/api.w.org\/{rel}","templated":true}]}}